{"id":15300,"date":"2025-03-15T12:15:41","date_gmt":"2025-03-15T10:15:41","guid":{"rendered":"https:\/\/visitsandonatovaldicomino.it\/?page_id=15300"},"modified":"2025-03-15T12:16:50","modified_gmt":"2025-03-15T10:16:50","slug":"dsa","status":"publish","type":"page","link":"https:\/\/visitsandonatovaldicomino.it\/fr\/dsa\/","title":{"rendered":"Loi sur les services num\u00e9riques"},"content":{"rendered":"<div data-elementor-type=\"wp-page\" data-elementor-id=\"15300\" class=\"elementor elementor-15300\" data-elementor-post-type=\"page\">\n\t\t\t\t<div class=\"elementor-element elementor-element-9d47e00 e-con-full e-flex e-con e-parent\" data-id=\"9d47e00\" data-element_type=\"container\" data-e-type=\"container\">\n\t\t\t\t<div class=\"elementor-element elementor-element-ca27096 elementor-widget elementor-widget-template\" data-id=\"ca27096\" data-element_type=\"widget\" data-e-type=\"widget\" data-widget_type=\"template.default\">\n\t\t\t\t<div class=\"elementor-widget-container\">\n\t\t\t\t\t\t\t<div class=\"elementor-template\">\n\t\t\t\t\t<div data-elementor-type=\"container\" data-elementor-id=\"1691\" class=\"elementor elementor-1691\" data-elementor-post-type=\"elementor_library\">\n\t\t\t\t<section class=\"elementor-element elementor-element-42700f7 pagetitle-header e-flex e-con-boxed e-con e-parent\" data-id=\"42700f7\" data-element_type=\"container\" data-e-type=\"container\" data-settings=\"{&quot;background_background&quot;:&quot;classic&quot;}\">\n\t\t\t\t\t<div class=\"e-con-inner\">\n\t\t\t\t<div class=\"elementor-element elementor-element-0de2a62 elementor-widget elementor-widget-heading\" data-id=\"0de2a62\" data-element_type=\"widget\" data-e-type=\"widget\" data-widget_type=\"heading.default\">\n\t\t\t\t<div class=\"elementor-widget-container\">\n\t\t\t\t\t<h1 class=\"elementor-heading-title elementor-size-default\">Loi sur les services num\u00e9riques<\/h1>\t\t\t\t<\/div>\n\t\t\t\t<\/div>\n\t\t\t\t<div class=\"elementor-element elementor-element-93259c7 elementor-widget elementor-widget-breadcrumbs\" data-id=\"93259c7\" data-element_type=\"widget\" data-e-type=\"widget\" data-widget_type=\"breadcrumbs.default\">\n\t\t\t\t<div class=\"elementor-widget-container\">\n\t\t\t\t\t<p id=\"breadcrumbs\"><span><span><a href=\"https:\/\/visitsandonatovaldicomino.it\/fr\/\">Accueil<\/a><\/span><\/span><\/p>\t\t\t\t<\/div>\n\t\t\t\t<\/div>\n\t\t\t\t\t<\/div>\n\t\t\t\t<\/section>\n\t\t\t\t<\/div>\n\t\t\t\t<\/div>\n\t\t\t\t\t\t<\/div>\n\t\t\t\t<\/div>\n\t\t\t\t<\/div>\n\t\t<div class=\"elementor-element elementor-element-844b684 e-flex e-con-boxed e-con e-parent\" data-id=\"844b684\" data-element_type=\"container\" data-e-type=\"container\">\n\t\t\t\t\t<div class=\"e-con-inner\">\n\t\t\t\t<div class=\"elementor-element elementor-element-de51362 elementor-widget elementor-widget-text-editor\" data-id=\"de51362\" data-element_type=\"widget\" data-e-type=\"widget\" data-widget_type=\"text-editor.default\">\n\t\t\t\t<div class=\"elementor-widget-container\">\n\t\t\t\t\t\t\t\t\t<div class=\"r-col-8 r-content-small\"><div class=\"r-container r-text-block\"><p id=\"p_lt_zoneContent_pageplaceholder_p_lt_zoneContent_Bernina_ParagraphTitleText_litParagraph\">La loi sur les services num\u00e9riques (DSA, r\u00e8glement (UE) 2022\/2065) est un r\u00e8glement de l'Union europ\u00e9enne entr\u00e9 en vigueur le 16 novembre 2022. Ce r\u00e8glement vise \u00e0 contribuer au bon fonctionnement du march\u00e9 int\u00e9rieur des services interm\u00e9diaires en \u00e9tablissant des r\u00e8gles harmonis\u00e9es pour un environnement en ligne s\u00fbr, pr\u00e9visible et digne de confiance, qui favorise l'innovation et prot\u00e8ge efficacement les droits fondamentaux consacr\u00e9s par la Charte, y compris le principe de protection des consommateurs.<\/p><\/div><div class=\"r-container r-text-block\"><p id=\"p_lt_zoneContent_pageplaceholder_p_lt_zoneContent_Bernina_ParagraphTitleText1_litParagraph\">Dans la mesure o\u00f9 Netlogic Lab di Alessio Pellegrini (ci-apr\u00e8s d\u00e9nomm\u00e9e \"Visit San Donato Val di Comino\") est un prestataire de services interm\u00e9diaire au sens de l'ASD, les dispositions suivantes s'appliquent :<\/p><\/div><div class=\"r-container r-text-block\"><h3 id=\"p_lt_zoneContent_pageplaceholder_p_lt_zoneContent_Bernina_ParagraphTitleText2_litTitleH3\">1. Point de contact pour les autorit\u00e9s des \u00c9tats membres, la Commission et le conseil d'administration, ainsi que pour les utilisateurs au titre des articles 11 et 12 de la DSA.<\/h3><p id=\"p_lt_zoneContent_pageplaceholder_p_lt_zoneContent_Bernina_ParagraphTitleText2_litParagraph\">protection contre les croisements<br \/>Netlogic Lab<br \/>Via Mevati 1<br \/>San Donato Val di Comino (FR)<br \/>03046, Italie<\/p><p>Courriel : <a href=\"mailto:info@netlogiclab.it\">info@netlogiclab.it<\/a><\/p><p>Vous pouvez communiquer avec nous en italien ou en anglais.\u00a0<\/p><\/div><div class=\"r-container r-text-block\"><h3 id=\"p_lt_zoneContent_pageplaceholder_p_lt_zoneContent_Bernina_ParagraphTitleText3_litTitleH3\">2. Repr\u00e9sentant l\u00e9gal au sens de l'article 13 de la DSA<\/h3><p id=\"p_lt_zoneContent_pageplaceholder_p_lt_zoneContent_Bernina_ParagraphTitleText3_litParagraph\">protection contre les croisements<br \/>Netlogic Lab<br \/>Via Mevati 1<br \/>San Donato Val di Comino (FR)<br \/>03046, Italie<\/p><\/div><div class=\"r-container r-text-block\"><h3 id=\"p_lt_zoneContent_pageplaceholder_p_lt_zoneContent_Bernina_ParagraphTitleText4_litTitleH3\">3. Rapport de transparence conform\u00e9ment aux articles 15 et 24 de la DSA<\/h3><p id=\"p_lt_zoneContent_pageplaceholder_p_lt_zoneContent_Bernina_ParagraphTitleText4_litParagraph\">Le rapport de transparence, qui doit \u00eatre mis \u00e0 disposition une fois par an conform\u00e9ment \u00e0 l'article 15, paragraphe 1 de l'ASD et qui comprend les mod\u00e9rations de contenu effectu\u00e9es au cours de la p\u00e9riode annuelle en question, est publi\u00e9 ici une fois par an apr\u00e8s avoir \u00e9t\u00e9 r\u00e9dig\u00e9.<\/p><p>Le nombre moyen d'utilisateurs actifs mensuels dans l'UE au cours des six derniers mois, conform\u00e9ment \u00e0 l'article 24, paragraphe 2, de la DSA, \u00e9tait nettement inf\u00e9rieur au seuil d\u00e9cisif de 45 millions d'utilisateurs.<\/p><\/div><div class=\"r-container r-text-block\"><h3 id=\"p_lt_zoneContent_pageplaceholder_p_lt_zoneContent_Bernina_ParagraphTitleText5_litTitleH3\">4. Proc\u00e9dure de notification et de recours en vertu de l'article 16 de l'ASD<\/h3><p id=\"p_lt_zoneContent_pageplaceholder_p_lt_zoneContent_Bernina_ParagraphTitleText5_litParagraph\">Conform\u00e9ment \u00e0 l'article 16 de l'ASD, les particuliers et les institutions ont le droit de signaler des informations sur des contenus qu'ils consid\u00e8rent comme ill\u00e9gaux dans nos services d'h\u00e9bergement sur ce site web, y compris les plates-formes en ligne. Si vous trouvez un contenu ill\u00e9gal, illicite ou offensant dans les offres en ligne de Visit San Donato Val di Comino, nous vous serions reconnaissants de nous le signaler. Pour ce faire, veuillez remplir le formulaire ci-dessous ou nous contacter par courrier \u00e9lectronique \u00e0 l'adresse ci-dessous, en indiquant \"Central Reporting Office\" dans la ligne d'objet.<\/p><p>Si vous souhaitez envoyer une telle d\u00e9claration, veuillez pr\u00e9ciser les points suivants :<\/p><ol><li>une explication d\u00fbment motiv\u00e9e des raisons pour lesquelles l'utilisateur consid\u00e8re l'information en question comme un contenu ill\u00e9gal ;\u00a0<\/li><li value=\"2\">une indication claire de l'emplacement \u00e9lectronique exact de ces informations, par exemple la ou les adresses URL exactes ou, si n\u00e9cessaire, d'autres informations relatives \u00e0 la nature du contenu et \u00e0 la sp\u00e9cificit\u00e9 du service de d\u00e9tection des contenus illicites ;\u00a0<\/li><li value=\"3\">votre nom et votre adresse \u00e9lectronique (sauf s'il s'agit d'informations que vous estimez li\u00e9es \u00e0 un d\u00e9lit d'abus sexuel, d'exploitation sexuelle, de pornographie enfantine, de contact avec des enfants \u00e0 des fins sexuelles, d'incitation, de complicit\u00e9 ou de tentative de commettre de tels d\u00e9lits). Dans ces cas ou dans d'autres, si vous souhaitez envoyer une notification sans possibilit\u00e9 d'identification, vous pouvez nous contacter par t\u00e9l\u00e9phone au +39 0776 166 6274 (en italien ou en anglais) ou \u00e0 l'adresse postale ci-dessous (dans toutes les langues susmentionn\u00e9es) ;<\/li><li value=\"4\">une d\u00e9claration selon laquelle la personne concern\u00e9e est convaincue de bonne foi de l'exactitude et de l'exhaustivit\u00e9 des informations fournies dans la notification.<\/li><\/ol><\/div><div id=\"c1c48a4b-075e-4b01-892c-20eea941796c\" class=\"modal modal-hidden modal-sr\" tabindex=\"-1\" role=\"dialog\" data-plugin=\"modal\" aria-hidden=\"true\"><div class=\"modal-dialog content-popup-dialog content-popup-height\">\u00a0<\/div><\/div><div class=\"r-container r-text-block\"><h3 id=\"p_lt_zoneContent_pageplaceholder_p_lt_zoneContent_Bernina_ParagraphTitleText6_litTitleH3\">5. Syst\u00e8me interne de traitement des plaintes conform\u00e9ment \u00e0 l'article 20 de la DSA<\/h3><p id=\"p_lt_zoneContent_pageplaceholder_p_lt_zoneContent_Bernina_ParagraphTitleText6_litParagraph\">Visit San Donato Val di Comino peut prendre certaines d\u00e9cisions restrictives concernant le contenu ou les comptes des utilisateurs de nos services de courtage, comme le pr\u00e9voit l'ASD, si elle consid\u00e8re que les informations fournies aux utilisateurs constituent un contenu ill\u00e9gal ou sont incompatibles avec les termes et conditions de la plate-forme. Visit San Donato Val di Comino peut d\u00e9cider de :\u00a0<\/p><ol><li>restreindre ou bloquer le contenu ou les informations des utilisateurs ;\u00a0<\/li><li value=\"2\">suspendre ou mettre fin, en tout ou en partie, \u00e0 la fourniture de nos services aux utilisateurs ;\u00a0<\/li><li value=\"3\">suspendre ou fermer le compte de l'utilisateur ;\u00a0<\/li><li value=\"4\">limiter, suspendre ou interrompre les possibilit\u00e9s de mon\u00e9tisation du contenu des utilisateurs<\/li><\/ol><p>\u00a0<\/p><p>Si vous n'\u00eates pas d'accord avec une telle d\u00e9cision, vous pouvez d\u00e9poser gratuitement une plainte contre cette d\u00e9cision de Visit San Donato Val di Comino via notre syst\u00e8me interne de traitement des plaintes. Les plaintes peuvent \u00eatre d\u00e9pos\u00e9es dans un d\u00e9lai de 6 mois \u00e0 compter de la r\u00e9ception de la d\u00e9cision contest\u00e9e, par courrier \u00e9lectronique \u00e0 l'adresse suivante <a href=\"mailto:info@netlogiclab.it\">info@netlogiclab.it<\/a>. Les plaintes sont trait\u00e9es de mani\u00e8re rapide, non discriminatoire, prudente et non arbitraire sous la supervision d'un personnel qualifi\u00e9. Une fois la d\u00e9cision prise, nous en informons imm\u00e9diatement le plaignant.\u00a0<\/p><\/div><div class=\"r-container r-text-block\"><h3 id=\"p_lt_zoneContent_pageplaceholder_p_lt_zoneContent_Bernina_ParagraphTitleText7_litTitleH3\">6. Possibilit\u00e9 de r\u00e8glement extrajudiciaire des litiges en vertu de l'article 21 de l'ASD<\/h3><p id=\"p_lt_zoneContent_pageplaceholder_p_lt_zoneContent_Bernina_ParagraphTitleText7_litParagraph\">Pour la r\u00e9solution des litiges concernant les d\u00e9cisions prises dans le cadre de notre syst\u00e8me interne de traitement des plaintes conform\u00e9ment \u00e0 l'article 5, il existe \u00e9galement la possibilit\u00e9 d'une r\u00e9solution extrajudiciaire des litiges devant un organisme autoris\u00e9 de r\u00e9solution extrajudiciaire des litiges conform\u00e9ment \u00e0 l'article 21 de l'accord de stabilisation et d'association. Les organismes de r\u00e9solution extrajudiciaire des litiges autoris\u00e9s sont des organismes impartiaux et ind\u00e9pendants, express\u00e9ment autoris\u00e9s par les \u00c9tats membres de l'UE, qui, en raison de leur capacit\u00e9 et de leur expertise, sont en mesure d'examiner les litiges qui leur sont soumis. Visit San Donato Val di Comino coop\u00e9rera avec l'organisme de r\u00e9solution extrajudiciaire des litiges dans le respect des exigences l\u00e9gales. Toutefois, Visit San Donato Val di Comino n'est pas li\u00e9 par les d\u00e9cisions de l'organe de r\u00e9solution extrajudiciaire des litiges.<\/p><p>La possibilit\u00e9 d'un r\u00e8glement extrajudiciaire des litiges est sans pr\u00e9judice du droit de l'utilisateur concern\u00e9 d'intenter \u00e0 tout moment une action en justice, conform\u00e9ment \u00e0 la l\u00e9gislation applicable, pour contester les d\u00e9cisions.\u00a0<\/p><\/div><div class=\"r-container r-text-block\"><h3 id=\"p_lt_zoneContent_pageplaceholder_p_lt_zoneContent_Bernina_ParagraphTitleText8_litTitleH3\">7. Mesures et protection contre les abus conform\u00e9ment \u00e0 l'article 23 de l'ASD<\/h3><p id=\"p_lt_zoneContent_pageplaceholder_p_lt_zoneContent_Bernina_ParagraphTitleText8_litParagraph\">Visit San Donato Val di Comino, en tant que fournisseur d'acc\u00e8s en ligne, suspend la fourniture de services aux utilisateurs qui fournissent fr\u00e9quemment des contenus manifestement ill\u00e9gaux pendant une p\u00e9riode raisonnable apr\u00e8s notification. Visit San Donato Val di Comino suspend pendant une p\u00e9riode raisonnable, apr\u00e8s notification, le traitement des rapports et des plaintes re\u00e7us par le biais de ses proc\u00e9dures de signalement et de r\u00e9solution ou de ses syst\u00e8mes internes de traitement des plaintes de la part de personnes ou d'entit\u00e9s ou de plaignants qui soumettent souvent des rapports ou des plaintes apparemment infond\u00e9s. En d\u00e9cidant de la suspension, Visit San Donato Val di Comino \u00e9value rapidement, soigneusement et objectivement, au cas par cas, si l'utilisateur, la personne, l'institution ou le plaignant est impliqu\u00e9 dans un usage abusif, en tenant compte de tous les faits et circonstances pertinents d\u00e9coulant des informations disponibles. Ces circonstances, que Visit San Donato Val di Comino doit prendre en compte pour \u00e9valuer un \u00e9ventuel usage abusif et la dur\u00e9e appropri\u00e9e d'une \u00e9ventuelle suspension, comprennent au moins :<\/p><ol><li>le nombre absolu de contenus manifestement illicites ou de signalements ou de plaintes manifestement infond\u00e9s fournis ou d\u00e9pos\u00e9s au cours d'une p\u00e9riode donn\u00e9e ; \u00a0<\/li><li value=\"2\">leur part du nombre total de divulgations individuelles fournies ou d\u00e9clar\u00e9es au cours d'une p\u00e9riode donn\u00e9e ; \u00a0<\/li><li value=\"3\">la gravit\u00e9 des cas d'utilisation abusive, y compris la nature du contenu incrimin\u00e9, et leurs cons\u00e9quences ; \u00a0<\/li><li value=\"4\">les intentions de l'utilisateur, de la personne, de l'organisation ou du plaignant, dans la mesure o\u00f9 ces intentions peuvent \u00eatre d\u00e9termin\u00e9es.<\/li><\/ol><\/div><\/div>\t\t\t\t\t\t\t\t<\/div>\n\t\t\t\t<\/div>\n\t\t\t\t\t<\/div>\n\t\t\t\t<\/div>\n\t\t\t\t<\/div>","protected":false},"excerpt":{"rendered":"<p>Il Digital Services Act (DSA &#8211; Legge sui servizi digitali, regolamento (UE) 2022\/2065) \u00e8 un regolamento dell&#8217;UE entrato in vigore il 16 novembre 2022. Tale regolamento mira a contribuire al corretto funzionamento del mercato interno dei servizi di intermediazione stabilendo norme armonizzate per un ambiente online sicuro, prevedibile e affidabile, che promuova l&#8217;innovazione e tuteli [&hellip;]<\/p>\n","protected":false},"author":1,"featured_media":0,"parent":0,"menu_order":0,"comment_status":"closed","ping_status":"closed","template":"","meta":{"footnotes":""},"class_list":["post-15300","page","type-page","status-publish","hentry"],"yoast_head":"<!-- This site is optimized with the Yoast SEO Premium plugin v27.4 (Yoast SEO v27.4) - https:\/\/yoast.com\/product\/yoast-seo-premium-wordpress\/ -->\n<title>Digital Services Act | Visit San Donato Val di Comino<\/title>\n<meta name=\"description\" content=\"Il Digital Services Act (DSA - Legge sui servizi digitali, regolamento (UE) 2022\/2065) \u00e8 un regolamento dell&#039;UE entrato in vigore il 16 novembre 2022.\" \/>\n<meta name=\"robots\" content=\"noindex, nofollow\" \/>\n<meta property=\"og:locale\" content=\"fr_FR\" \/>\n<meta property=\"og:type\" content=\"article\" \/>\n<meta property=\"og:title\" content=\"Digital Services Act | Visit San Donato Val di Comino\" \/>\n<meta property=\"og:description\" content=\"Il Digital Services Act (DSA - Legge sui servizi digitali, regolamento (UE) 2022\/2065) \u00e8 un regolamento dell&#039;UE entrato in vigore il 16 novembre 2022.\" \/>\n<meta property=\"og:url\" content=\"https:\/\/visitsandonatovaldicomino.it\/fr\/dsa\/\" \/>\n<meta property=\"og:site_name\" content=\"Visit San Donato Val di Comino\" \/>\n<meta property=\"article:publisher\" content=\"https:\/\/www.facebook.com\/VisitSanDonatoValdiComino\" \/>\n<meta property=\"article:modified_time\" content=\"2025-03-15T10:16:50+00:00\" \/>\n<meta name=\"twitter:card\" content=\"summary_large_image\" \/>\n<!-- \/ Yoast SEO Premium plugin. -->","yoast_head_json":{"title":"Loi sur les services num\u00e9riques - Visite de San Donato Val di Comino","description":"La loi sur les services num\u00e9riques (DSA, r\u00e8glement (UE) 2022\/2065) est un r\u00e8glement de l'UE qui est entr\u00e9 en vigueur le 16 novembre 2022.","robots":{"index":"noindex","follow":"nofollow"},"og_locale":"fr_FR","og_type":"article","og_title":"Digital Services Act | Visit San Donato Val di Comino","og_description":"Il Digital Services Act (DSA - Legge sui servizi digitali, regolamento (UE) 2022\/2065) \u00e8 un regolamento dell'UE entrato in vigore il 16 novembre 2022.","og_url":"https:\/\/visitsandonatovaldicomino.it\/fr\/dsa\/","og_site_name":"Visit San Donato Val di Comino","article_publisher":"https:\/\/www.facebook.com\/VisitSanDonatoValdiComino","article_modified_time":"2025-03-15T10:16:50+00:00","twitter_card":"summary_large_image","schema":{"@context":"https:\/\/schema.org","@graph":[{"@type":"WebPage","@id":"https:\/\/visitsandonatovaldicomino.it\/dsa\/","url":"https:\/\/visitsandonatovaldicomino.it\/dsa\/","name":"Loi sur les services num\u00e9riques - Visite de San Donato Val di Comino","isPartOf":{"@id":"https:\/\/visitsandonatovaldicomino.it\/#website"},"datePublished":"2025-03-15T10:15:41+00:00","dateModified":"2025-03-15T10:16:50+00:00","description":"La loi sur les services num\u00e9riques (DSA, r\u00e8glement (UE) 2022\/2065) est un r\u00e8glement de l'UE qui est entr\u00e9 en vigueur le 16 novembre 2022.","breadcrumb":{"@id":"https:\/\/visitsandonatovaldicomino.it\/dsa\/#breadcrumb"},"inLanguage":"fr-FR","potentialAction":[{"@type":"ReadAction","target":["https:\/\/visitsandonatovaldicomino.it\/dsa\/"]}]},{"@type":"BreadcrumbList","@id":"https:\/\/visitsandonatovaldicomino.it\/dsa\/#breadcrumb","itemListElement":[{"@type":"ListItem","position":1,"name":"Home","item":"https:\/\/visitsandonatovaldicomino.it\/"},{"@type":"ListItem","position":2,"name":"Digital Services Act"}]},{"@type":"WebSite","@id":"https:\/\/visitsandonatovaldicomino.it\/#website","url":"https:\/\/visitsandonatovaldicomino.it\/","name":"Visit San Donato Val di Comino","description":"","publisher":{"@id":"https:\/\/visitsandonatovaldicomino.it\/#organization"},"alternateName":"Visit San Donato","potentialAction":[{"@type":"SearchAction","target":{"@type":"EntryPoint","urlTemplate":"https:\/\/visitsandonatovaldicomino.it\/?s={search_term_string}"},"query-input":{"@type":"PropertyValueSpecification","valueRequired":true,"valueName":"search_term_string"}}],"inLanguage":"fr-FR"},{"@type":"Organization","@id":"https:\/\/visitsandonatovaldicomino.it\/#organization","name":"Visit San Donato Val di Comino","alternateName":"Visit San Donato","url":"https:\/\/visitsandonatovaldicomino.it\/","logo":{"@type":"ImageObject","inLanguage":"fr-FR","@id":"https:\/\/visitsandonatovaldicomino.it\/#\/schema\/logo\/image\/","url":"https:\/\/visitsandonatovaldicomino.it\/wp-content\/uploads\/2023\/10\/Visit-San-Donato-Val-di-Comino-Logo-White.png","contentUrl":"https:\/\/visitsandonatovaldicomino.it\/wp-content\/uploads\/2023\/10\/Visit-San-Donato-Val-di-Comino-Logo-White.png","width":1920,"height":1061,"caption":"Visit San Donato Val di Comino"},"image":{"@id":"https:\/\/visitsandonatovaldicomino.it\/#\/schema\/logo\/image\/"},"sameAs":["https:\/\/www.facebook.com\/VisitSanDonatoValdiComino","https:\/\/www.instagram.com\/visit_sandonatovaldicomino"],"email":"info@visitsandonatovaldicomino.it","legalName":"Visit San Donato Val di Comino","foundingDate":"2024-05-01","numberOfEmployees":{"@type":"QuantitativeValue","minValue":"1","maxValue":"10"}}]}},"pure_taxonomies":[],"_links":{"self":[{"href":"https:\/\/visitsandonatovaldicomino.it\/fr\/wp-json\/wp\/v2\/pages\/15300","targetHints":{"allow":["GET"]}}],"collection":[{"href":"https:\/\/visitsandonatovaldicomino.it\/fr\/wp-json\/wp\/v2\/pages"}],"about":[{"href":"https:\/\/visitsandonatovaldicomino.it\/fr\/wp-json\/wp\/v2\/types\/page"}],"author":[{"embeddable":true,"href":"https:\/\/visitsandonatovaldicomino.it\/fr\/wp-json\/wp\/v2\/users\/1"}],"replies":[{"embeddable":true,"href":"https:\/\/visitsandonatovaldicomino.it\/fr\/wp-json\/wp\/v2\/comments?post=15300"}],"version-history":[{"count":4,"href":"https:\/\/visitsandonatovaldicomino.it\/fr\/wp-json\/wp\/v2\/pages\/15300\/revisions"}],"predecessor-version":[{"id":15304,"href":"https:\/\/visitsandonatovaldicomino.it\/fr\/wp-json\/wp\/v2\/pages\/15300\/revisions\/15304"}],"wp:attachment":[{"href":"https:\/\/visitsandonatovaldicomino.it\/fr\/wp-json\/wp\/v2\/media?parent=15300"}],"curies":[{"name":"wp","href":"https:\/\/api.w.org\/{rel}","templated":true}]}}