{"id":3345,"date":"2024-05-16T18:23:55","date_gmt":"2024-05-16T16:23:55","guid":{"rendered":"https:\/\/visitsandonatovaldicomino.it\/imprint\/"},"modified":"2024-10-20T22:44:00","modified_gmt":"2024-10-20T20:44:00","slug":"impression","status":"publish","type":"page","link":"https:\/\/visitsandonatovaldicomino.it\/fr\/impression\/","title":{"rendered":"Impression"},"content":{"rendered":"<div data-elementor-type=\"wp-page\" data-elementor-id=\"3345\" class=\"elementor elementor-3345\" data-elementor-post-type=\"page\">\n\t\t\t\t<div class=\"elementor-element elementor-element-2430f3b e-con-full e-flex e-con e-parent\" data-id=\"2430f3b\" data-element_type=\"container\" data-e-type=\"container\">\n\t\t\t\t<div class=\"elementor-element elementor-element-3e72606 elementor-widget elementor-widget-template\" data-id=\"3e72606\" data-element_type=\"widget\" data-e-type=\"widget\" data-widget_type=\"template.default\">\n\t\t\t\t<div class=\"elementor-widget-container\">\n\t\t\t\t\t\t\t<div class=\"elementor-template\">\n\t\t\t\t\t<div data-elementor-type=\"container\" data-elementor-id=\"1691\" class=\"elementor elementor-1691\" data-elementor-post-type=\"elementor_library\">\n\t\t\t\t<section class=\"elementor-element elementor-element-42700f7 pagetitle-header e-flex e-con-boxed e-con e-parent\" data-id=\"42700f7\" data-element_type=\"container\" data-e-type=\"container\" data-settings=\"{&quot;background_background&quot;:&quot;classic&quot;}\">\n\t\t\t\t\t<div class=\"e-con-inner\">\n\t\t\t\t<div class=\"elementor-element elementor-element-0de2a62 elementor-widget elementor-widget-heading\" data-id=\"0de2a62\" data-element_type=\"widget\" data-e-type=\"widget\" data-widget_type=\"heading.default\">\n\t\t\t\t<div class=\"elementor-widget-container\">\n\t\t\t\t\t<h1 class=\"elementor-heading-title elementor-size-default\">Impression<\/h1>\t\t\t\t<\/div>\n\t\t\t\t<\/div>\n\t\t\t\t<div class=\"elementor-element elementor-element-93259c7 elementor-widget elementor-widget-breadcrumbs\" data-id=\"93259c7\" data-element_type=\"widget\" data-e-type=\"widget\" data-widget_type=\"breadcrumbs.default\">\n\t\t\t\t<div class=\"elementor-widget-container\">\n\t\t\t\t\t<p id=\"breadcrumbs\"><span><span><a href=\"https:\/\/visitsandonatovaldicomino.it\/fr\/\">Accueil<\/a><\/span><\/span><\/p>\t\t\t\t<\/div>\n\t\t\t\t<\/div>\n\t\t\t\t\t<\/div>\n\t\t\t\t<\/section>\n\t\t\t\t<\/div>\n\t\t\t\t<\/div>\n\t\t\t\t\t\t<\/div>\n\t\t\t\t<\/div>\n\t\t\t\t<\/div>\n\t\t<div class=\"elementor-element elementor-element-1b98ad9e e-flex e-con-boxed e-con e-parent\" data-id=\"1b98ad9e\" data-element_type=\"container\" data-e-type=\"container\">\n\t\t\t\t\t<div class=\"e-con-inner\">\n\t\t\t\t<div class=\"elementor-element elementor-element-29f9e957 elementor-widget elementor-widget-shortcode\" data-id=\"29f9e957\" data-element_type=\"widget\" data-e-type=\"widget\" data-widget_type=\"shortcode.default\">\n\t\t\t\t<div class=\"elementor-widget-container\">\n\t\t\t\t\t\t\t<div class=\"elementor-shortcode\">\n<!-- Legal document generated by Complianz | GDPR\/CCPA Cookie Consent https:\/\/wordpress.org\/plugins\/complianz-gdpr -->\n<div id=\"cmplz-document\" class=\"cmplz-document impressum cmplz-document-all\"><p><i>Cette empreinte a \u00e9t\u00e9 mise \u00e0 jour pour la derni\u00e8re fois le 07\/04\/2025.<\/i><\/p><p class=\"cmplz-subtitle\">Le propri\u00e9taire de ce site web est :<\/p><p>Pellegrini Alessio Ditta Individuale<br>Via Mevati, 03046 San Donato Val di Comino (FR)<br>Italie<br>E-mail :&nbsp;<span class=\"cmplz-obfuscate\">info@<span class=\"cmplz-fmail-domain\">ex.com<\/span>ne&#116;&#108;og&#105;&#099;la&#098;&#046;&#105;&#116;<\/span><br>Num\u00e9ro de t\u00e9l\u00e9phone : +3907761666274<br>ID TVA : IT03194800607<\/p><p class=\"cmplz-subtitle\">Le(s) repr\u00e9sentant(s) l\u00e9gal(aux) de Pellegrini Alessio Ditta Individuale :<\/p><p>Alessio Pellegrini<\/p><h2>1. G\u00e9n\u00e9ral<\/h2><p class=\"cmplz-subtitle\">1.1 Nous sommes enregistr\u00e9s chez Camera di Commercio Frosinone-Latina sous le num\u00e9ro de licence ou d'enregistrement :<\/p><p>FR-310458<\/p><p class=\"cmplz-subtitle\">1.2 Nous pr\u00e9sentons des services ou des produits sur notre site web, qui n\u00e9cessitent une inscription aupr\u00e8s de l'association professionnelle suivante :<\/p><p>Pr\u00e9sidence du Conseil r\u00e9gional du Latium<\/p><p class=\"cmplz-subtitle\">1.3 Les r\u00e8gles et r\u00e8glements professionnels suivants s'appliquent \u00e0 notre organisation :<\/p><p>Les forfaits touristiques propos\u00e9s, y compris l'h\u00e9bergement, sont fournis en collaboration avec l'agence de voyage \"JOINT &amp; LEAGUE\", autoris\u00e9e par le d\u00e9cret n\u00b0 305\/94 \u00e9mis par la Pr\u00e9sidence du Conseil r\u00e9gional du Latium le 10 octobre 1994. L'agence est pleinement conforme \u00e0 la r\u00e9glementation en vigueur sur l'organisation et la vente de forfaits touristiques, y compris le d\u00e9cret l\u00e9gislatif 79\/2011 (Code du tourisme) et ses modifications ult\u00e9rieures.<\/p><p>Nous ne sommes ni dispos\u00e9s ni oblig\u00e9s de participer \u00e0 des proc\u00e9dures de r\u00e8glement des litiges devant une commission d'arbitrage des consommateurs.<\/p><h2>2. Les informations suivantes sont obligatoires selon la loi allemande.<\/h2><p class=\"cmplz-subtitle\">2.1 Nous mettons \u00e0 disposition des informations journalistiques et r\u00e9dactionnelles.<\/p><p>Par cons\u00e9quent, nous devons conna\u00eetre le nom et le lieu de r\u00e9sidence de la personne qui, pour le contenu de ce site Web, est comp\u00e9tente :<br \/><br \/>Verantwortlich f\u00fcr den Inhalt nach \u00a7 18 Abs. 2 MStV ist : Alessio Pellegrini aus San Donato Val di Comino.<\/p><\/div><\/div>\n\t\t\t\t\t\t<\/div>\n\t\t\t\t<\/div>\n\t\t\t\t\t<\/div>\n\t\t\t\t<\/div>\n\t\t\t\t<\/div>","protected":false},"excerpt":{"rendered":"","protected":false},"author":1,"featured_media":0,"parent":0,"menu_order":0,"comment_status":"closed","ping_status":"closed","template":"","meta":{"footnotes":""},"class_list":["post-3345","page","type-page","status-publish","hentry"],"yoast_head":"<!-- This site is optimized with the Yoast SEO Premium plugin v27.4 (Yoast SEO v27.4) - https:\/\/yoast.com\/product\/yoast-seo-premium-wordpress\/ -->\n<title>Imprint | Visit San Donato Val di Comino<\/title>\n<meta name=\"robots\" content=\"noindex, nofollow\" \/>\n<meta property=\"og:locale\" content=\"fr_FR\" \/>\n<meta property=\"og:type\" content=\"article\" \/>\n<meta property=\"og:title\" content=\"Imprint | Visit San Donato Val di Comino\" \/>\n<meta property=\"og:url\" content=\"https:\/\/visitsandonatovaldicomino.it\/fr\/impression\/\" \/>\n<meta property=\"og:site_name\" content=\"Visit San Donato Val di Comino\" \/>\n<meta property=\"article:publisher\" content=\"https:\/\/www.facebook.com\/VisitSanDonatoValdiComino\" \/>\n<meta property=\"article:modified_time\" content=\"2024-10-20T20:44:00+00:00\" \/>\n<meta name=\"twitter:card\" content=\"summary_large_image\" \/>\n<!-- \/ Yoast SEO Premium plugin. -->","yoast_head_json":{"title":"Mentions l\u00e9gales | Visit San Donato Val di Comino","robots":{"index":"noindex","follow":"nofollow"},"og_locale":"fr_FR","og_type":"article","og_title":"Imprint | Visit San Donato Val di Comino","og_url":"https:\/\/visitsandonatovaldicomino.it\/fr\/impression\/","og_site_name":"Visit San Donato Val di Comino","article_publisher":"https:\/\/www.facebook.com\/VisitSanDonatoValdiComino","article_modified_time":"2024-10-20T20:44:00+00:00","twitter_card":"summary_large_image","schema":{"@context":"https:\/\/schema.org","@graph":[{"@type":"WebPage","@id":"https:\/\/visitsandonatovaldicomino.it\/imprint\/","url":"https:\/\/visitsandonatovaldicomino.it\/imprint\/","name":"Mentions l\u00e9gales | Visit San Donato Val di Comino","isPartOf":{"@id":"https:\/\/visitsandonatovaldicomino.it\/#website"},"datePublished":"2024-05-16T16:23:55+00:00","dateModified":"2024-10-20T20:44:00+00:00","breadcrumb":{"@id":"https:\/\/visitsandonatovaldicomino.it\/imprint\/#breadcrumb"},"inLanguage":"fr-FR","potentialAction":[{"@type":"ReadAction","target":["https:\/\/visitsandonatovaldicomino.it\/imprint\/"]}]},{"@type":"BreadcrumbList","@id":"https:\/\/visitsandonatovaldicomino.it\/imprint\/#breadcrumb","itemListElement":[{"@type":"ListItem","position":1,"name":"Home","item":"https:\/\/visitsandonatovaldicomino.it\/"},{"@type":"ListItem","position":2,"name":"Imprint"}]},{"@type":"WebSite","@id":"https:\/\/visitsandonatovaldicomino.it\/#website","url":"https:\/\/visitsandonatovaldicomino.it\/","name":"Visit San Donato Val di Comino","description":"","publisher":{"@id":"https:\/\/visitsandonatovaldicomino.it\/#organization"},"alternateName":"Visit San Donato","potentialAction":[{"@type":"SearchAction","target":{"@type":"EntryPoint","urlTemplate":"https:\/\/visitsandonatovaldicomino.it\/?s={search_term_string}"},"query-input":{"@type":"PropertyValueSpecification","valueRequired":true,"valueName":"search_term_string"}}],"inLanguage":"fr-FR"},{"@type":"Organization","@id":"https:\/\/visitsandonatovaldicomino.it\/#organization","name":"Visit San Donato Val di Comino","alternateName":"Visit San Donato","url":"https:\/\/visitsandonatovaldicomino.it\/","logo":{"@type":"ImageObject","inLanguage":"fr-FR","@id":"https:\/\/visitsandonatovaldicomino.it\/#\/schema\/logo\/image\/","url":"https:\/\/visitsandonatovaldicomino.it\/wp-content\/uploads\/2023\/10\/Visit-San-Donato-Val-di-Comino-Logo-White.png","contentUrl":"https:\/\/visitsandonatovaldicomino.it\/wp-content\/uploads\/2023\/10\/Visit-San-Donato-Val-di-Comino-Logo-White.png","width":1920,"height":1061,"caption":"Visit San Donato Val di Comino"},"image":{"@id":"https:\/\/visitsandonatovaldicomino.it\/#\/schema\/logo\/image\/"},"sameAs":["https:\/\/www.facebook.com\/VisitSanDonatoValdiComino","https:\/\/www.instagram.com\/visit_sandonatovaldicomino"],"email":"info@visitsandonatovaldicomino.it","legalName":"Visit San Donato Val di Comino","foundingDate":"2024-05-01","numberOfEmployees":{"@type":"QuantitativeValue","minValue":"1","maxValue":"10"}}]}},"pure_taxonomies":[],"_links":{"self":[{"href":"https:\/\/visitsandonatovaldicomino.it\/fr\/wp-json\/wp\/v2\/pages\/3345","targetHints":{"allow":["GET"]}}],"collection":[{"href":"https:\/\/visitsandonatovaldicomino.it\/fr\/wp-json\/wp\/v2\/pages"}],"about":[{"href":"https:\/\/visitsandonatovaldicomino.it\/fr\/wp-json\/wp\/v2\/types\/page"}],"author":[{"embeddable":true,"href":"https:\/\/visitsandonatovaldicomino.it\/fr\/wp-json\/wp\/v2\/users\/1"}],"replies":[{"embeddable":true,"href":"https:\/\/visitsandonatovaldicomino.it\/fr\/wp-json\/wp\/v2\/comments?post=3345"}],"version-history":[{"count":4,"href":"https:\/\/visitsandonatovaldicomino.it\/fr\/wp-json\/wp\/v2\/pages\/3345\/revisions"}],"predecessor-version":[{"id":8560,"href":"https:\/\/visitsandonatovaldicomino.it\/fr\/wp-json\/wp\/v2\/pages\/3345\/revisions\/8560"}],"wp:attachment":[{"href":"https:\/\/visitsandonatovaldicomino.it\/fr\/wp-json\/wp\/v2\/media?parent=3345"}],"curies":[{"name":"wp","href":"https:\/\/api.w.org\/{rel}","templated":true}]}}