{"id":3383,"date":"2024-05-17T22:14:33","date_gmt":"2024-05-17T20:14:33","guid":{"rendered":"https:\/\/visitsandonatovaldicomino.it\/?page_id=3383"},"modified":"2024-11-15T13:38:37","modified_gmt":"2024-11-15T11:38:37","slug":"soutien","status":"publish","type":"page","link":"https:\/\/visitsandonatovaldicomino.it\/fr\/soutien\/","title":{"rendered":"Soutenir le projet"},"content":{"rendered":"\t\t<div data-elementor-type=\"wp-page\" data-elementor-id=\"3383\" class=\"elementor elementor-3383\" data-elementor-post-type=\"page\">\n\t\t\t\t<div class=\"elementor-element elementor-element-521edde e-con-full e-flex e-con e-parent\" data-id=\"521edde\" data-element_type=\"container\" data-e-type=\"container\">\n\t\t\t\t<div class=\"elementor-element elementor-element-5871c28 elementor-widget elementor-widget-template\" data-id=\"5871c28\" data-element_type=\"widget\" data-e-type=\"widget\" data-widget_type=\"template.default\">\n\t\t\t\t<div class=\"elementor-widget-container\">\n\t\t\t\t\t\t\t<div class=\"elementor-template\">\n\t\t\t\t\t<div data-elementor-type=\"container\" data-elementor-id=\"1691\" class=\"elementor elementor-1691\" data-elementor-post-type=\"elementor_library\">\n\t\t\t\t<section class=\"elementor-element elementor-element-42700f7 pagetitle-header e-flex e-con-boxed e-con e-parent\" data-id=\"42700f7\" data-element_type=\"container\" data-e-type=\"container\" data-settings=\"{&quot;background_background&quot;:&quot;classic&quot;}\">\n\t\t\t\t\t<div class=\"e-con-inner\">\n\t\t\t\t<div class=\"elementor-element elementor-element-0de2a62 elementor-widget elementor-widget-heading\" data-id=\"0de2a62\" data-element_type=\"widget\" data-e-type=\"widget\" data-widget_type=\"heading.default\">\n\t\t\t\t<div class=\"elementor-widget-container\">\n\t\t\t\t\t<h1 class=\"elementor-heading-title elementor-size-default\">Sostieni il progetto<\/h1>\t\t\t\t<\/div>\n\t\t\t\t<\/div>\n\t\t\t\t<div class=\"elementor-element elementor-element-93259c7 elementor-widget elementor-widget-breadcrumbs\" data-id=\"93259c7\" data-element_type=\"widget\" data-e-type=\"widget\" data-widget_type=\"breadcrumbs.default\">\n\t\t\t\t<div class=\"elementor-widget-container\">\n\t\t\t\t\t<p id=\"breadcrumbs\"><span><span><a href=\"https:\/\/visitsandonatovaldicomino.it\/\">Home<\/a><\/span><\/span><\/p>\t\t\t\t<\/div>\n\t\t\t\t<\/div>\n\t\t\t\t\t<\/div>\n\t\t\t\t<\/section>\n\t\t\t\t<\/div>\n\t\t\t\t<\/div>\n\t\t\t\t\t\t<\/div>\n\t\t\t\t<\/div>\n\t\t\t\t<\/div>\n\t\t<div class=\"elementor-element elementor-element-d82c700 e-flex e-con-boxed e-con e-parent\" data-id=\"d82c700\" data-element_type=\"container\" data-e-type=\"container\">\n\t\t\t\t\t<div class=\"e-con-inner\">\n\t\t\t\t<div class=\"elementor-element elementor-element-819c2b7 elementor-widget elementor-widget-text-editor\" data-id=\"819c2b7\" data-element_type=\"widget\" data-e-type=\"widget\" data-widget_type=\"text-editor.default\">\n\t\t\t\t<div class=\"elementor-widget-container\">\n\t\t\t\t\t\t\t\t\t<p>Grazie al vostro sostegno, possiamo continuare a valorizzare e promuovere le meraviglie del nostro borgo. Visit San Donato Val di Comino \u00e8 un&#8217;iniziativa supportata da Living Ciociaria, un&#8217;associazione no-profit che si autofinanzia attraverso donazioni. Ogni contributo \u00e8 essenziale per mantenere e sviluppare nuovi progetti che arricchiscono la comunit\u00e0 e migliorano l&#8217;esperienza di visitatori e residenti.<\/p>\t\t\t\t\t\t\t\t<\/div>\n\t\t\t\t<\/div>\n\t\t\t\t<div class=\"elementor-element elementor-element-c4d317a elementor-widget elementor-widget-heading\" data-id=\"c4d317a\" data-element_type=\"widget\" data-e-type=\"widget\" data-widget_type=\"heading.default\">\n\t\t\t\t<div class=\"elementor-widget-container\">\n\t\t\t\t\t<h3 class=\"elementor-heading-title elementor-size-default\">Perche <b> donare<\/b>\n <\/h3>\t\t\t\t<\/div>\n\t\t\t\t<\/div>\n\t\t\t\t<div class=\"elementor-element elementor-element-0e713c2 elementor-widget elementor-widget-text-editor\" data-id=\"0e713c2\" data-element_type=\"widget\" data-e-type=\"widget\" data-widget_type=\"text-editor.default\">\n\t\t\t\t<div class=\"elementor-widget-container\">\n\t\t\t\t\t\t\t\t\tVisit San Donato Val di Comino e Living Ciociaria lavorano incessantemente per valorizzare il nostro territorio. Nonostante la passione e l&#8217;impegno, molte iniziative rischiano di non essere realizzate senza un adeguato supporto finanziario. Donare significa permetterci di continuare a promuovere attivit\u00e0 culturali, eventi e miglioramenti infrastrutturali che beneficiano sia la comunit\u00e0 locale sia i visitatori.\n\n\t\t\t\t\t\t\t\t<\/div>\n\t\t\t\t<\/div>\n\t\t\t\t<div class=\"elementor-element elementor-element-a31fbb4 elementor-widget elementor-widget-heading\" data-id=\"a31fbb4\" data-element_type=\"widget\" data-e-type=\"widget\" data-widget_type=\"heading.default\">\n\t\t\t\t<div class=\"elementor-widget-container\">\n\t\t\t\t\t<h3 class=\"elementor-heading-title elementor-size-default\">Dove vengono <b> destinati i soldi<\/b>\n <\/h3>\t\t\t\t<\/div>\n\t\t\t\t<\/div>\n\t\t\t\t<div class=\"elementor-element elementor-element-7b5a34a elementor-widget elementor-widget-text-editor\" data-id=\"7b5a34a\" data-element_type=\"widget\" data-e-type=\"widget\" data-widget_type=\"text-editor.default\">\n\t\t\t\t<div class=\"elementor-widget-container\">\n\t\t\t\t\t\t\t\t\t<p>Le donazioni inviate tramite questa pagina vengono raccolte da Living Ciociaria APS (C.F. 91034220607) che verranno reinvestite sul territorio di San Donato Val di Comino. Le vostre donazioni sono fondamentali per una vasta gamma di attivit\u00e0. Fondi raccolti vengono utilizzati per la realizzazione di eventi pubblici, proposte di progetti al Comune di San Donato Val di Comino come l&#8217;installazione e la manutenzione di sentieri turistici, la pulizia dei sentieri montani, e la produzione di materiali promozionali come brochure e volantini. Inoltre, contribuiscono alla realizzazione di contenuti multimediali per la promozione del comune e alla gestione dell&#8217;infopoint cittadino.<\/p>\t\t\t\t\t\t\t\t<\/div>\n\t\t\t\t<\/div>\n\t\t\t\t<div class=\"elementor-element elementor-element-dafde06 elementor-widget elementor-widget-heading\" data-id=\"dafde06\" data-element_type=\"widget\" data-e-type=\"widget\" data-widget_type=\"heading.default\">\n\t\t\t\t<div class=\"elementor-widget-container\">\n\t\t\t\t\t<h3 class=\"elementor-heading-title elementor-size-default\">Come <b> donare<\/b>\n <\/h3>\t\t\t\t<\/div>\n\t\t\t\t<\/div>\n\t\t\t\t<div class=\"elementor-element elementor-element-24c196c elementor-widget elementor-widget-text-editor\" data-id=\"24c196c\" data-element_type=\"widget\" data-e-type=\"widget\" data-widget_type=\"text-editor.default\">\n\t\t\t\t<div class=\"elementor-widget-container\">\n\t\t\t\t\t\t\t\t\t<p>Supportare il nostro progetto \u00e8 semplice e sicuro. Puoi scegliere di effettuare una donazione anonima o diretta tramite il modulo sottostante. Accettiamo bonifici bancari, pagamenti tramite PayPal, e carte di debito o credito. <strong>I dati finanziari non vengono trattenuti da Visit San Donato ma verranno gestiti direttamente, in modo sicuro e anonimo, dagli intermediari PayPal o Stripe.<\/strong><\/p>\t\t\t\t\t\t\t\t<\/div>\n\t\t\t\t<\/div>\n\t\t\t\t<div class=\"elementor-element elementor-element-3fcd2c9 elementor-widget elementor-widget-heading\" data-id=\"3fcd2c9\" data-element_type=\"widget\" data-e-type=\"widget\" data-widget_type=\"heading.default\">\n\t\t\t\t<div class=\"elementor-widget-container\">\n\t\t\t\t\t<h3 class=\"elementor-heading-title elementor-size-default\">Le donazioni sono  <b> 100% detraibili dalle tasse<\/b>\n <\/h3>\t\t\t\t<\/div>\n\t\t\t\t<\/div>\n\t\t\t\t<div class=\"elementor-element elementor-element-39bae9e elementor-widget elementor-widget-text-editor\" data-id=\"39bae9e\" data-element_type=\"widget\" data-e-type=\"widget\" data-widget_type=\"text-editor.default\">\n\t\t\t\t<div class=\"elementor-widget-container\">\n\t\t\t\t\t\t\t\t\t<p>Ogni contributo a Living Ciociaria \u00e8 completamente detraibile dalle tasse in quanto \u00e8 un ente no-profit registrato in Italia. Sono previste detrazioni fiscali per le tasse italiane per ogni donazione o sponsorizzazione alla nostra Associazione. Questo non solo favorisce la crescita e lo sviluppo del nostro borgo ma offre anche un vantaggio fiscale ai nostri generosi donatori.<\/p>\t\t\t\t\t\t\t\t<\/div>\n\t\t\t\t<\/div>\n\t\t\t\t\t<\/div>\n\t\t\t\t<\/div>\n\t\t<div class=\"elementor-element elementor-element-a6d5cfb e-flex e-con-boxed e-con e-parent\" data-id=\"a6d5cfb\" data-element_type=\"container\" data-e-type=\"container\" data-settings=\"{&quot;background_background&quot;:&quot;classic&quot;}\">\n\t\t\t\t\t<div class=\"e-con-inner\">\n\t\t<div class=\"elementor-element elementor-element-2a6e9fb e-con-full e-flex e-con e-child\" data-id=\"2a6e9fb\" data-element_type=\"container\" data-e-type=\"container\">\n\t\t\t\t<div class=\"elementor-element elementor-element-70d69ea elementor-widget elementor-widget-shortcode\" data-id=\"70d69ea\" data-element_type=\"widget\" data-e-type=\"widget\" data-widget_type=\"shortcode.default\">\n\t\t\t\t<div class=\"elementor-widget-container\">\n\t\t\t\t\t\t\t<div class=\"elementor-shortcode\">[give_form id=\"690\"]<\/div>\n\t\t\t\t\t\t<\/div>\n\t\t\t\t<\/div>\n\t\t\t\t<\/div>\n\t\t\t\t\t<\/div>\n\t\t\t\t<\/div>\n\t\t\t\t<\/div>\n\t\t","protected":false},"excerpt":{"rendered":"<p>Grazie al vostro sostegno, possiamo continuare a valorizzare e promuovere le meraviglie del nostro borgo. Visit San Donato Val di Comino \u00e8 un&#8217;iniziativa supportata da Living Ciociaria, un&#8217;associazione no-profit che si autofinanzia attraverso donazioni. Ogni contributo \u00e8 essenziale per mantenere e sviluppare nuovi progetti che arricchiscono la comunit\u00e0 e migliorano l&#8217;esperienza di visitatori e residenti. [&hellip;]<\/p>\n","protected":false},"author":1,"featured_media":0,"parent":0,"menu_order":0,"comment_status":"closed","ping_status":"closed","template":"","meta":{"footnotes":""},"class_list":["post-3383","page","type-page","status-publish","hentry"],"yoast_head":"<!-- This site is optimized with the Yoast SEO Premium plugin v27.4 (Yoast SEO v27.4) - https:\/\/yoast.com\/product\/yoast-seo-premium-wordpress\/ -->\n<title>Sostieni il progetto | Visit San Donato Val di Comino<\/title>\n<meta name=\"description\" content=\"Grazie al vostro sostegno, possiamo continuare a valorizzare e promuovere le meraviglie del nostro borgo. Visit San Donato Val di Comino \u00e8 un&#039;iniziativa\" \/>\n<meta name=\"robots\" content=\"index, follow, max-snippet:-1, max-image-preview:large, max-video-preview:-1\" \/>\n<link rel=\"canonical\" href=\"https:\/\/visitsandonatovaldicomino.it\/fr\/soutien\/\" \/>\n<meta property=\"og:locale\" content=\"fr_FR\" \/>\n<meta property=\"og:type\" content=\"article\" \/>\n<meta property=\"og:title\" content=\"Sostieni il progetto | Visit San Donato Val di Comino\" \/>\n<meta property=\"og:description\" content=\"Grazie al vostro sostegno, possiamo continuare a valorizzare e promuovere le meraviglie del nostro borgo. Visit San Donato Val di Comino \u00e8 un&#039;iniziativa\" \/>\n<meta property=\"og:url\" content=\"https:\/\/visitsandonatovaldicomino.it\/fr\/soutien\/\" \/>\n<meta property=\"og:site_name\" content=\"Visit San Donato Val di Comino\" \/>\n<meta property=\"article:publisher\" content=\"https:\/\/www.facebook.com\/VisitSanDonatoValdiComino\" \/>\n<meta property=\"article:modified_time\" content=\"2024-11-15T11:38:37+00:00\" \/>\n<meta name=\"twitter:card\" content=\"summary_large_image\" \/>\n<!-- \/ Yoast SEO Premium plugin. -->","yoast_head_json":{"title":"Soutenir le projet - Visiter San Donato Val di Comino","description":"Gr\u00e2ce \u00e0 votre soutien, nous pouvons continuer \u00e0 mettre en valeur et \u00e0 promouvoir les merveilles de notre village. Visit San Donato Val di Comino est une initiative","robots":{"index":"index","follow":"follow","max-snippet":"max-snippet:-1","max-image-preview":"max-image-preview:large","max-video-preview":"max-video-preview:-1"},"canonical":"https:\/\/visitsandonatovaldicomino.it\/fr\/soutien\/","og_locale":"fr_FR","og_type":"article","og_title":"Sostieni il progetto | Visit San Donato Val di Comino","og_description":"Grazie al vostro sostegno, possiamo continuare a valorizzare e promuovere le meraviglie del nostro borgo. Visit San Donato Val di Comino \u00e8 un'iniziativa","og_url":"https:\/\/visitsandonatovaldicomino.it\/fr\/soutien\/","og_site_name":"Visit San Donato Val di Comino","article_publisher":"https:\/\/www.facebook.com\/VisitSanDonatoValdiComino","article_modified_time":"2024-11-15T11:38:37+00:00","twitter_card":"summary_large_image","schema":{"@context":"https:\/\/schema.org","@graph":[{"@type":"WebPage","@id":"https:\/\/visitsandonatovaldicomino.it\/sostieni\/","url":"https:\/\/visitsandonatovaldicomino.it\/sostieni\/","name":"Soutenir le projet - Visiter San Donato Val di Comino","isPartOf":{"@id":"https:\/\/visitsandonatovaldicomino.it\/#website"},"datePublished":"2024-05-17T20:14:33+00:00","dateModified":"2024-11-15T11:38:37+00:00","description":"Gr\u00e2ce \u00e0 votre soutien, nous pouvons continuer \u00e0 mettre en valeur et \u00e0 promouvoir les merveilles de notre village. Visit San Donato Val di Comino est une initiative","breadcrumb":{"@id":"https:\/\/visitsandonatovaldicomino.it\/sostieni\/#breadcrumb"},"inLanguage":"fr-FR","potentialAction":[{"@type":"ReadAction","target":["https:\/\/visitsandonatovaldicomino.it\/sostieni\/"]}]},{"@type":"BreadcrumbList","@id":"https:\/\/visitsandonatovaldicomino.it\/sostieni\/#breadcrumb","itemListElement":[{"@type":"ListItem","position":1,"name":"Home","item":"https:\/\/visitsandonatovaldicomino.it\/"},{"@type":"ListItem","position":2,"name":"Sostieni il progetto"}]},{"@type":"WebSite","@id":"https:\/\/visitsandonatovaldicomino.it\/#website","url":"https:\/\/visitsandonatovaldicomino.it\/","name":"Visit San Donato Val di Comino","description":"","publisher":{"@id":"https:\/\/visitsandonatovaldicomino.it\/#organization"},"alternateName":"Visit San Donato","potentialAction":[{"@type":"SearchAction","target":{"@type":"EntryPoint","urlTemplate":"https:\/\/visitsandonatovaldicomino.it\/?s={search_term_string}"},"query-input":{"@type":"PropertyValueSpecification","valueRequired":true,"valueName":"search_term_string"}}],"inLanguage":"fr-FR"},{"@type":"Organization","@id":"https:\/\/visitsandonatovaldicomino.it\/#organization","name":"Visit San Donato Val di Comino","alternateName":"Visit San Donato","url":"https:\/\/visitsandonatovaldicomino.it\/","logo":{"@type":"ImageObject","inLanguage":"fr-FR","@id":"https:\/\/visitsandonatovaldicomino.it\/#\/schema\/logo\/image\/","url":"https:\/\/visitsandonatovaldicomino.it\/wp-content\/uploads\/2023\/10\/Visit-San-Donato-Val-di-Comino-Logo-White.png","contentUrl":"https:\/\/visitsandonatovaldicomino.it\/wp-content\/uploads\/2023\/10\/Visit-San-Donato-Val-di-Comino-Logo-White.png","width":1920,"height":1061,"caption":"Visit San Donato Val di Comino"},"image":{"@id":"https:\/\/visitsandonatovaldicomino.it\/#\/schema\/logo\/image\/"},"sameAs":["https:\/\/www.facebook.com\/VisitSanDonatoValdiComino","https:\/\/www.instagram.com\/visit_sandonatovaldicomino"],"email":"info@visitsandonatovaldicomino.it","legalName":"Visit San Donato Val di Comino","foundingDate":"2024-05-01","numberOfEmployees":{"@type":"QuantitativeValue","minValue":"1","maxValue":"10"}}]}},"pure_taxonomies":[],"_links":{"self":[{"href":"https:\/\/visitsandonatovaldicomino.it\/fr\/wp-json\/wp\/v2\/pages\/3383","targetHints":{"allow":["GET"]}}],"collection":[{"href":"https:\/\/visitsandonatovaldicomino.it\/fr\/wp-json\/wp\/v2\/pages"}],"about":[{"href":"https:\/\/visitsandonatovaldicomino.it\/fr\/wp-json\/wp\/v2\/types\/page"}],"author":[{"embeddable":true,"href":"https:\/\/visitsandonatovaldicomino.it\/fr\/wp-json\/wp\/v2\/users\/1"}],"replies":[{"embeddable":true,"href":"https:\/\/visitsandonatovaldicomino.it\/fr\/wp-json\/wp\/v2\/comments?post=3383"}],"version-history":[{"count":19,"href":"https:\/\/visitsandonatovaldicomino.it\/fr\/wp-json\/wp\/v2\/pages\/3383\/revisions"}],"predecessor-version":[{"id":12669,"href":"https:\/\/visitsandonatovaldicomino.it\/fr\/wp-json\/wp\/v2\/pages\/3383\/revisions\/12669"}],"wp:attachment":[{"href":"https:\/\/visitsandonatovaldicomino.it\/fr\/wp-json\/wp\/v2\/media?parent=3383"}],"curies":[{"name":"wp","href":"https:\/\/api.w.org\/{rel}","templated":true}]}}