{"id":786,"date":"2023-10-31T18:29:07","date_gmt":"2023-10-31T17:29:07","guid":{"rendered":"https:\/\/visitsandonatovaldicomino.it\/?page_id=786"},"modified":"2024-11-11T13:59:13","modified_gmt":"2024-11-11T11:59:13","slug":"panoramas","status":"publish","type":"page","link":"https:\/\/visitsandonatovaldicomino.it\/fr\/panoramas\/","title":{"rendered":"Panoramas \u00e0 360"},"content":{"rendered":"<div data-elementor-type=\"wp-page\" data-elementor-id=\"786\" class=\"elementor elementor-786\" data-elementor-post-type=\"page\">\n\t\t\t\t<div class=\"elementor-element elementor-element-11ed626 e-con-full e-flex e-con e-parent\" data-id=\"11ed626\" data-element_type=\"container\" data-e-type=\"container\" data-settings=\"{&quot;background_background&quot;:&quot;classic&quot;}\">\n\t\t\t\t<div class=\"elementor-element elementor-element-c53ff00 elementor-widget elementor-widget-template\" data-id=\"c53ff00\" data-element_type=\"widget\" data-e-type=\"widget\" data-widget_type=\"template.default\">\n\t\t\t\t<div class=\"elementor-widget-container\">\n\t\t\t\t\t\t\t<div class=\"elementor-template\">\n\t\t\t\t\t<div data-elementor-type=\"container\" data-elementor-id=\"1691\" class=\"elementor elementor-1691\" data-elementor-post-type=\"elementor_library\">\n\t\t\t\t<section class=\"elementor-element elementor-element-42700f7 pagetitle-header e-flex e-con-boxed e-con e-parent\" data-id=\"42700f7\" data-element_type=\"container\" data-e-type=\"container\" data-settings=\"{&quot;background_background&quot;:&quot;classic&quot;}\">\n\t\t\t\t\t<div class=\"e-con-inner\">\n\t\t\t\t<div class=\"elementor-element elementor-element-0de2a62 elementor-widget elementor-widget-heading\" data-id=\"0de2a62\" data-element_type=\"widget\" data-e-type=\"widget\" data-widget_type=\"heading.default\">\n\t\t\t\t<div class=\"elementor-widget-container\">\n\t\t\t\t\t<h1 class=\"elementor-heading-title elementor-size-default\">Panoramas \u00e0 360<\/h1>\t\t\t\t<\/div>\n\t\t\t\t<\/div>\n\t\t\t\t<div class=\"elementor-element elementor-element-93259c7 elementor-widget elementor-widget-breadcrumbs\" data-id=\"93259c7\" data-element_type=\"widget\" data-e-type=\"widget\" data-widget_type=\"breadcrumbs.default\">\n\t\t\t\t<div class=\"elementor-widget-container\">\n\t\t\t\t\t<p id=\"breadcrumbs\"><span><span><a href=\"https:\/\/visitsandonatovaldicomino.it\/fr\/\">Accueil<\/a><\/span><\/span><\/p>\t\t\t\t<\/div>\n\t\t\t\t<\/div>\n\t\t\t\t\t<\/div>\n\t\t\t\t<\/section>\n\t\t\t\t<\/div>\n\t\t\t\t<\/div>\n\t\t\t\t\t\t<\/div>\n\t\t\t\t<\/div>\n\t\t\t\t<\/div>\n\t\t<div class=\"elementor-element elementor-element-92a5ca5 e-flex e-con-boxed e-con e-parent\" data-id=\"92a5ca5\" data-element_type=\"container\" data-e-type=\"container\">\n\t\t\t\t\t<div class=\"e-con-inner\">\n\t\t\t\t<div class=\"elementor-element elementor-element-6cb825a elementor-widget elementor-widget-text-editor\" data-id=\"6cb825a\" data-element_type=\"widget\" data-e-type=\"widget\" data-widget_type=\"text-editor.default\">\n\t\t\t\t<div class=\"elementor-widget-container\">\n\t\t\t\t\t\t\t\t\t<p>Gr\u00e2ce \u00e0 notre filmage immersif \u00e0 360 degr\u00e9s, nous vous proposons une visite virtuelle qui vous permettra de d\u00e9couvrir des vues enchanteresses, des ruelles historiques, des points d'int\u00e9r\u00eat culturels et des vues a\u00e9riennes extraordinaires du village et de la vall\u00e9e qui l'entoure.<\/p>\t\t\t\t\t\t\t\t<\/div>\n\t\t\t\t<\/div>\n\t\t\t\t<div class=\"elementor-element elementor-element-7be8d26 elementor-widget elementor-widget-heading\" data-id=\"7be8d26\" data-element_type=\"widget\" data-e-type=\"widget\" data-widget_type=\"heading.default\">\n\t\t\t\t<div class=\"elementor-widget-container\">\n\t\t\t\t\t<h2 class=\"elementor-heading-title elementor-size-default\">Un voyage <br><b> a 360\u00b0 <\/b><\/h2>\t\t\t\t<\/div>\n\t\t\t\t<\/div>\n\t\t\t\t<div class=\"elementor-element elementor-element-9137029 elementor-widget elementor-widget-heading\" data-id=\"9137029\" data-element_type=\"widget\" data-e-type=\"widget\" data-widget_type=\"heading.default\">\n\t\t\t\t<div class=\"elementor-widget-container\">\n\t\t\t\t\t<h3 class=\"elementor-heading-title elementor-size-default\">Explorer <b> sans limites <\/b><\/h3>\t\t\t\t<\/div>\n\t\t\t\t<\/div>\n\t\t\t\t\t<\/div>\n\t\t\t\t<\/div>\n\t\t\t\t<\/div>","protected":false},"excerpt":{"rendered":"<p>Grazie alle nostre riprese immersive a 360 gradi, vi offriamo un tour virtuale che vi permetter\u00e0 di scoprire scorci incantevoli, vicoli storici, punti di interesse culturali e straordinarie viste aeree del borgo e della valle circostante. Un viaggio a 360\u00b0 Esplora senza limiti<\/p>","protected":false},"author":1,"featured_media":382,"parent":0,"menu_order":0,"comment_status":"closed","ping_status":"closed","template":"","meta":{"footnotes":""},"class_list":["post-786","page","type-page","status-publish","has-post-thumbnail","hentry"],"yoast_head":"<!-- This site is optimized with the Yoast SEO Premium plugin v27.4 (Yoast SEO v27.4) - https:\/\/yoast.com\/product\/yoast-seo-premium-wordpress\/ -->\n<title>Panorami a 360 | Visit San Donato Val di Comino<\/title>\n<meta name=\"description\" content=\"Grazie alle nostre riprese immersive a 360 gradi, vi offriamo un tour virtuale che vi permetter\u00e0 di scoprire scorci incantevoli, vicoli storici, punti di\" \/>\n<meta name=\"robots\" content=\"index, follow, max-snippet:-1, max-image-preview:large, max-video-preview:-1\" \/>\n<link rel=\"canonical\" href=\"https:\/\/visitsandonatovaldicomino.it\/fr\/panoramas\/\" \/>\n<meta property=\"og:locale\" content=\"fr_FR\" \/>\n<meta property=\"og:type\" content=\"article\" \/>\n<meta property=\"og:title\" content=\"Panorami a 360 | Visit San Donato Val di Comino\" \/>\n<meta property=\"og:description\" content=\"Grazie alle nostre riprese immersive a 360 gradi, vi offriamo un tour virtuale che vi permetter\u00e0 di scoprire scorci incantevoli, vicoli storici, punti di\" \/>\n<meta property=\"og:url\" content=\"https:\/\/visitsandonatovaldicomino.it\/fr\/panoramas\/\" \/>\n<meta property=\"og:site_name\" content=\"Visit San Donato Val di Comino\" \/>\n<meta property=\"article:publisher\" content=\"https:\/\/www.facebook.com\/VisitSanDonatoValdiComino\" \/>\n<meta property=\"article:modified_time\" content=\"2024-11-11T11:59:13+00:00\" \/>\n<meta property=\"og:image\" content=\"https:\/\/visitsandonatovaldicomino.it\/wp-content\/uploads\/2023\/10\/San-Donato-Val-di-Comino-003.jpg\" \/>\n\t<meta property=\"og:image:width\" content=\"1920\" \/>\n\t<meta property=\"og:image:height\" content=\"1440\" \/>\n\t<meta property=\"og:image:type\" content=\"image\/jpeg\" \/>\n<meta name=\"twitter:card\" content=\"summary_large_image\" \/>\n<!-- \/ Yoast SEO Premium plugin. -->","yoast_head_json":{"title":"Panoramas 360\u00b0 | Visiter San Donato Val di Comino","description":"Gr\u00e2ce \u00e0 notre filmage immersif \u00e0 360 degr\u00e9s, nous vous proposons une visite virtuelle qui vous permettra de d\u00e9couvrir des panoramas enchanteurs, des ruelles historiques, des points de vue, etc.","robots":{"index":"index","follow":"follow","max-snippet":"max-snippet:-1","max-image-preview":"max-image-preview:large","max-video-preview":"max-video-preview:-1"},"canonical":"https:\/\/visitsandonatovaldicomino.it\/fr\/panoramas\/","og_locale":"fr_FR","og_type":"article","og_title":"Panorami a 360 | Visit San Donato Val di Comino","og_description":"Grazie alle nostre riprese immersive a 360 gradi, vi offriamo un tour virtuale che vi permetter\u00e0 di scoprire scorci incantevoli, vicoli storici, punti di","og_url":"https:\/\/visitsandonatovaldicomino.it\/fr\/panoramas\/","og_site_name":"Visit San Donato Val di Comino","article_publisher":"https:\/\/www.facebook.com\/VisitSanDonatoValdiComino","article_modified_time":"2024-11-11T11:59:13+00:00","og_image":[{"width":1920,"height":1440,"url":"https:\/\/visitsandonatovaldicomino.it\/wp-content\/uploads\/2023\/10\/San-Donato-Val-di-Comino-003.jpg","type":"image\/jpeg"}],"twitter_card":"summary_large_image","schema":{"@context":"https:\/\/schema.org","@graph":[{"@type":"WebPage","@id":"https:\/\/visitsandonatovaldicomino.it\/panorami\/","url":"https:\/\/visitsandonatovaldicomino.it\/panorami\/","name":"Panoramas 360\u00b0 | Visiter San Donato Val di Comino","isPartOf":{"@id":"https:\/\/visitsandonatovaldicomino.it\/#website"},"primaryImageOfPage":{"@id":"https:\/\/visitsandonatovaldicomino.it\/panorami\/#primaryimage"},"image":{"@id":"https:\/\/visitsandonatovaldicomino.it\/panorami\/#primaryimage"},"thumbnailUrl":"https:\/\/visitsandonatovaldicomino.it\/wp-content\/uploads\/2023\/10\/San-Donato-Val-di-Comino-003.jpg","datePublished":"2023-10-31T17:29:07+00:00","dateModified":"2024-11-11T11:59:13+00:00","description":"Gr\u00e2ce \u00e0 notre filmage immersif \u00e0 360 degr\u00e9s, nous vous proposons une visite virtuelle qui vous permettra de d\u00e9couvrir des panoramas enchanteurs, des ruelles historiques, des points de vue, etc.","breadcrumb":{"@id":"https:\/\/visitsandonatovaldicomino.it\/panorami\/#breadcrumb"},"inLanguage":"fr-FR","potentialAction":[{"@type":"ReadAction","target":["https:\/\/visitsandonatovaldicomino.it\/panorami\/"]}]},{"@type":"ImageObject","inLanguage":"fr-FR","@id":"https:\/\/visitsandonatovaldicomino.it\/panorami\/#primaryimage","url":"https:\/\/visitsandonatovaldicomino.it\/wp-content\/uploads\/2023\/10\/San-Donato-Val-di-Comino-003.jpg","contentUrl":"https:\/\/visitsandonatovaldicomino.it\/wp-content\/uploads\/2023\/10\/San-Donato-Val-di-Comino-003.jpg","width":1920,"height":1440},{"@type":"BreadcrumbList","@id":"https:\/\/visitsandonatovaldicomino.it\/panorami\/#breadcrumb","itemListElement":[{"@type":"ListItem","position":1,"name":"Home","item":"https:\/\/visitsandonatovaldicomino.it\/"},{"@type":"ListItem","position":2,"name":"Panorami a 360"}]},{"@type":"WebSite","@id":"https:\/\/visitsandonatovaldicomino.it\/#website","url":"https:\/\/visitsandonatovaldicomino.it\/","name":"Visit San Donato Val di Comino","description":"","publisher":{"@id":"https:\/\/visitsandonatovaldicomino.it\/#organization"},"alternateName":"Visit San Donato","potentialAction":[{"@type":"SearchAction","target":{"@type":"EntryPoint","urlTemplate":"https:\/\/visitsandonatovaldicomino.it\/?s={search_term_string}"},"query-input":{"@type":"PropertyValueSpecification","valueRequired":true,"valueName":"search_term_string"}}],"inLanguage":"fr-FR"},{"@type":"Organization","@id":"https:\/\/visitsandonatovaldicomino.it\/#organization","name":"Visit San Donato Val di Comino","alternateName":"Visit San Donato","url":"https:\/\/visitsandonatovaldicomino.it\/","logo":{"@type":"ImageObject","inLanguage":"fr-FR","@id":"https:\/\/visitsandonatovaldicomino.it\/#\/schema\/logo\/image\/","url":"https:\/\/visitsandonatovaldicomino.it\/wp-content\/uploads\/2023\/10\/Visit-San-Donato-Val-di-Comino-Logo-White.png","contentUrl":"https:\/\/visitsandonatovaldicomino.it\/wp-content\/uploads\/2023\/10\/Visit-San-Donato-Val-di-Comino-Logo-White.png","width":1920,"height":1061,"caption":"Visit San Donato Val di Comino"},"image":{"@id":"https:\/\/visitsandonatovaldicomino.it\/#\/schema\/logo\/image\/"},"sameAs":["https:\/\/www.facebook.com\/VisitSanDonatoValdiComino","https:\/\/www.instagram.com\/visit_sandonatovaldicomino"],"email":"info@visitsandonatovaldicomino.it","legalName":"Visit San Donato Val di Comino","foundingDate":"2024-05-01","numberOfEmployees":{"@type":"QuantitativeValue","minValue":"1","maxValue":"10"}}]}},"pure_taxonomies":[],"_links":{"self":[{"href":"https:\/\/visitsandonatovaldicomino.it\/fr\/wp-json\/wp\/v2\/pages\/786","targetHints":{"allow":["GET"]}}],"collection":[{"href":"https:\/\/visitsandonatovaldicomino.it\/fr\/wp-json\/wp\/v2\/pages"}],"about":[{"href":"https:\/\/visitsandonatovaldicomino.it\/fr\/wp-json\/wp\/v2\/types\/page"}],"author":[{"embeddable":true,"href":"https:\/\/visitsandonatovaldicomino.it\/fr\/wp-json\/wp\/v2\/users\/1"}],"replies":[{"embeddable":true,"href":"https:\/\/visitsandonatovaldicomino.it\/fr\/wp-json\/wp\/v2\/comments?post=786"}],"version-history":[{"count":166,"href":"https:\/\/visitsandonatovaldicomino.it\/fr\/wp-json\/wp\/v2\/pages\/786\/revisions"}],"predecessor-version":[{"id":12401,"href":"https:\/\/visitsandonatovaldicomino.it\/fr\/wp-json\/wp\/v2\/pages\/786\/revisions\/12401"}],"wp:featuredmedia":[{"embeddable":true,"href":"https:\/\/visitsandonatovaldicomino.it\/fr\/wp-json\/wp\/v2\/media\/382"}],"wp:attachment":[{"href":"https:\/\/visitsandonatovaldicomino.it\/fr\/wp-json\/wp\/v2\/media?parent=786"}],"curies":[{"name":"wp","href":"https:\/\/api.w.org\/{rel}","templated":true}]}}