{"id":14103,"date":"2024-12-30T02:05:59","date_gmt":"2024-12-30T00:05:59","guid":{"rendered":"https:\/\/visitsandonatovaldicomino.it\/?page_id=14103"},"modified":"2024-12-30T02:10:24","modified_gmt":"2024-12-30T00:10:24","slug":"contos-de-lendas","status":"publish","type":"page","link":"https:\/\/visitsandonatovaldicomino.it\/pt\/contos-de-lendas\/","title":{"rendered":"Lendas e contos"},"content":{"rendered":"<div data-elementor-type=\"wp-page\" data-elementor-id=\"14103\" class=\"elementor elementor-14103\" data-elementor-post-type=\"page\">\n\t\t\t\t<div class=\"elementor-element elementor-element-1f5f278 e-con-full e-flex e-con e-child\" data-id=\"1f5f278\" data-element_type=\"container\" data-e-type=\"container\">\n\t\t\t\t<div class=\"elementor-element elementor-element-95f03d4 elementor-widget elementor-widget-template\" data-id=\"95f03d4\" data-element_type=\"widget\" data-e-type=\"widget\" data-widget_type=\"template.default\">\n\t\t\t\t<div class=\"elementor-widget-container\">\n\t\t\t\t\t\t\t<div class=\"elementor-template\">\n\t\t\t\t\t<div data-elementor-type=\"container\" data-elementor-id=\"1691\" class=\"elementor elementor-1691\" data-elementor-post-type=\"elementor_library\">\n\t\t\t\t<section class=\"elementor-element elementor-element-42700f7 pagetitle-header e-flex e-con-boxed e-con e-parent\" data-id=\"42700f7\" data-element_type=\"container\" data-e-type=\"container\" data-settings=\"{&quot;background_background&quot;:&quot;classic&quot;}\">\n\t\t\t\t\t<div class=\"e-con-inner\">\n\t\t\t\t<div class=\"elementor-element elementor-element-0de2a62 elementor-widget elementor-widget-heading\" data-id=\"0de2a62\" data-element_type=\"widget\" data-e-type=\"widget\" data-widget_type=\"heading.default\">\n\t\t\t\t<div class=\"elementor-widget-container\">\n\t\t\t\t\t<h1 class=\"elementor-heading-title elementor-size-default\">Lendas e contos<\/h1>\t\t\t\t<\/div>\n\t\t\t\t<\/div>\n\t\t\t\t<div class=\"elementor-element elementor-element-93259c7 elementor-widget elementor-widget-breadcrumbs\" data-id=\"93259c7\" data-element_type=\"widget\" data-e-type=\"widget\" data-widget_type=\"breadcrumbs.default\">\n\t\t\t\t<div class=\"elementor-widget-container\">\n\t\t\t\t\t<p id=\"breadcrumbs\"><span><span><a href=\"https:\/\/visitsandonatovaldicomino.it\/pt\/\">In\u00edcio<\/a><\/span><\/span><\/p>\t\t\t\t<\/div>\n\t\t\t\t<\/div>\n\t\t\t\t\t<\/div>\n\t\t\t\t<\/section>\n\t\t\t\t<\/div>\n\t\t\t\t<\/div>\n\t\t\t\t\t\t<\/div>\n\t\t\t\t<\/div>\n\t\t\t\t<\/div>\n\t\t<div class=\"elementor-element elementor-element-c88c948 e-flex e-con-boxed e-con e-parent\" data-id=\"c88c948\" data-element_type=\"container\" data-e-type=\"container\">\n\t\t\t\t\t<div class=\"e-con-inner\">\n\t\t<style>.yw-post-14103 .elementor- .elementor-element.elementor-element-f00118c .blog-list .blog-list-content .blog-featured-image:before,.yw-post-14103 .elementor- .elementor-element.elementor-element-f00118c .blog-list.list-isotope-metro .blog-list-content .blog-bg-image-metro:before,.yw-post-14103 .elementor- .elementor-element.elementor-element-f00118c .blog-list.blog-style-4 .post-content-bottom .blog-bg-image-metro:before,.yw-post-14103 .elementor- .elementor-element.elementor-element-f00118c .blog-list .tpae-preset-image:before{background-image: url(\"\");}<\/style>\t\t<div class=\"elementor-element elementor-element-f00118c elementor-widget elementor-widget-tp-blog-listout\" data-id=\"f00118c\" data-element_type=\"widget\" data-e-type=\"widget\" data-widget_type=\"tp-blog-listout.default\">\n\t\t\t\t\t<div id=\"pt-plus-blog-post-list\" class=\"blog-list post69e2d6b84b39e  list-isotope  blog-style-4 hover-image-style-1\"  data-layout-type=\"fitRows\"   data-id=\"post69e2d6b84b39e\" data-style=\"style-4\"   dir= \"data-enable-isotope=\"1\"\" filter-type = \"normal\"><div id=\"post69e2d6b84b39e\" class=\"tp-row post-inner-loop post69e2d6b84b39e    tp-listing-preloader\" data-extparam= '{\"loading-opt\":\"skeleton\",\"URL-para\":\"\"}'  ><div class=\"grid-item metro-item  tp-col-lg-4 tp-col-md-4 tp-col-sm-12 tp-col-12\"><article id=\"post-18701\" class=\"post-18701 post type-post status-publish format-standard has-post-thumbnail hentry category-storie\">\n\t<div class=\"blog-list-content\">\t\t\n\t\t<div class=\"post-content-bottom\">\n\t\t\t<a href=\"https:\/\/visitsandonatovaldicomino.it\/pt\/historias\/san-donato-val-di-comino-onde-a-nossa-historia-tem-as-suas-raizes-em-778-d-c\/\" class=\"post-bg-image-content\"><div class=\"blog-bg-image-metro\" style=\"background:url(https:\/\/visitsandonatovaldicomino.it\/wp-content\/uploads\/2025\/06\/495372885_1085588756937533_3171776961495211652_n.jpg) #f7f7f7;\"><\/div><\/a>\n\t\t\t<div class=\"post-metro-content\">\n\t\t\t\t\t\t\t\t\t<div class=\"post-metro-category-top\">\n\t\t\t\t\t\t<div class=\"post-category-list style-1\">\t\n\t<span><a href=\"https:\/\/visitsandonatovaldicomino.it\/pt\/categorias\/historias\/\">Hist\u00f3rias<\/a><\/span><\/div>\n\n\t\t\t\t\t<\/div>\n\t\t\t\t\t\t\t\t<h3 class=\"post-title\">\n\t<a href=\"https:\/\/visitsandonatovaldicomino.it\/pt\/historias\/san-donato-val-di-comino-onde-a-nossa-historia-tem-as-suas-raizes-em-778-d-c\/\" class=\"normal\">San Donato Val di Comino: onde a nossa hist\u00f3ria tem as suas ra\u00edzes em 778 d.C.<\/a>\n<\/h3>\n\t\t\t\t\t\t\t\t\t\t\t\t\t\t\t<\/div>\n\t\t<\/div>\t\n\t\t\t\n\t<\/div>\n<\/article>\n<\/div><div class=\"grid-item metro-item  tp-col-lg-4 tp-col-md-4 tp-col-sm-12 tp-col-12\"><article id=\"post-18690\" class=\"post-18690 post type-post status-publish format-standard has-post-thumbnail hentry category-storie\">\n\t<div class=\"blog-list-content\">\t\t\n\t\t<div class=\"post-content-bottom\">\n\t\t\t<a href=\"https:\/\/visitsandonatovaldicomino.it\/pt\/historias\/o-rochedo-dos-alemaes-quando-a-historia-deixa-a-sua-marca-na-montanha\/\" class=\"post-bg-image-content\"><div class=\"blog-bg-image-metro\" style=\"background:url(https:\/\/visitsandonatovaldicomino.it\/wp-content\/uploads\/2025\/05\/502140470_1104666028363139_405866201126450570_n.jpg) #f7f7f7;\"><\/div><\/a>\n\t\t\t<div class=\"post-metro-content\">\n\t\t\t\t\t\t\t\t\t<div class=\"post-metro-category-top\">\n\t\t\t\t\t\t<div class=\"post-category-list style-1\">\t\n\t<span><a href=\"https:\/\/visitsandonatovaldicomino.it\/pt\/categorias\/historias\/\">Hist\u00f3rias<\/a><\/span><\/div>\n\n\t\t\t\t\t<\/div>\n\t\t\t\t\t\t\t\t<h3 class=\"post-title\">\n\t<a href=\"https:\/\/visitsandonatovaldicomino.it\/pt\/historias\/o-rochedo-dos-alemaes-quando-a-historia-deixa-a-sua-marca-na-montanha\/\" class=\"normal\">O Rochedo dos Alem\u00e3es: quando a hist\u00f3ria deixa a sua marca na montanha<\/a>\n<\/h3>\n\t\t\t\t\t\t\t\t\t\t\t\t\t\t\t<\/div>\n\t\t<\/div>\t\n\t\t\t\n\t<\/div>\n<\/article>\n<\/div><div class=\"grid-item metro-item  tp-col-lg-4 tp-col-md-4 tp-col-sm-12 tp-col-12\"><article id=\"post-18445\" class=\"post-18445 post type-post status-publish format-standard has-post-thumbnail hentry category-storie\">\n\t<div class=\"blog-list-content\">\t\t\n\t\t<div class=\"post-content-bottom\">\n\t\t\t<a href=\"https:\/\/visitsandonatovaldicomino.it\/pt\/historias\/um-primeiro-de-maio-historico\/\" class=\"post-bg-image-content\"><div class=\"blog-bg-image-metro\" style=\"background:url(https:\/\/visitsandonatovaldicomino.it\/wp-content\/uploads\/2025\/04\/1-maggio-1908-San-Donato-Val-di-Comino-copia.jpeg) #f7f7f7;\"><\/div><\/a>\n\t\t\t<div class=\"post-metro-content\">\n\t\t\t\t\t\t\t\t\t<div class=\"post-metro-category-top\">\n\t\t\t\t\t\t<div class=\"post-category-list style-1\">\t\n\t<span><a href=\"https:\/\/visitsandonatovaldicomino.it\/pt\/categorias\/historias\/\">Hist\u00f3rias<\/a><\/span><\/div>\n\n\t\t\t\t\t<\/div>\n\t\t\t\t\t\t\t\t<h3 class=\"post-title\">\n\t<a href=\"https:\/\/visitsandonatovaldicomino.it\/pt\/historias\/um-primeiro-de-maio-historico\/\" class=\"normal\">As vozes dos trabalhadores ressoam em San Donato Val di Comino<\/a>\n<\/h3>\n\t\t\t\t\t\t\t\t\t\t\t\t\t\t\t<\/div>\n\t\t<\/div>\t\n\t\t\t\n\t<\/div>\n<\/article>\n<\/div><div class=\"grid-item metro-item  tp-col-lg-4 tp-col-md-4 tp-col-sm-12 tp-col-12\"><article id=\"post-4521\" class=\"post-4521 post type-post status-publish format-standard has-post-thumbnail hentry category-storie\">\n\t<div class=\"blog-list-content\">\t\t\n\t\t<div class=\"post-content-bottom\">\n\t\t\t<a href=\"https:\/\/visitsandonatovaldicomino.it\/pt\/historias\/de-sancto-donato\/\" class=\"post-bg-image-content\"><div class=\"blog-bg-image-metro\" style=\"background:url(https:\/\/visitsandonatovaldicomino.it\/wp-content\/uploads\/2024\/04\/De-Sancto-Donato.png) #f7f7f7;\"><\/div><\/a>\n\t\t\t<div class=\"post-metro-content\">\n\t\t\t\t\t\t\t\t\t<div class=\"post-metro-category-top\">\n\t\t\t\t\t\t<div class=\"post-category-list style-1\">\t\n\t<span><a href=\"https:\/\/visitsandonatovaldicomino.it\/pt\/categorias\/historias\/\">Hist\u00f3rias<\/a><\/span><\/div>\n\n\t\t\t\t\t<\/div>\n\t\t\t\t\t\t\t\t<h3 class=\"post-title\">\n\t<a href=\"https:\/\/visitsandonatovaldicomino.it\/pt\/historias\/de-sancto-donato\/\" class=\"normal\">De Sancto Donato - O primeiro documento da nossa hist\u00f3ria<\/a>\n<\/h3>\n\t\t\t\t\t\t\t\t\t\t\t\t\t\t\t<\/div>\n\t\t<\/div>\t\n\t\t\t\n\t<\/div>\n<\/article>\n<\/div><div class=\"grid-item metro-item  tp-col-lg-4 tp-col-md-4 tp-col-sm-12 tp-col-12\"><article id=\"post-3350\" class=\"post-3350 post type-post status-publish format-standard has-post-thumbnail hentry category-storie\">\n\t<div class=\"blog-list-content\">\t\t\n\t\t<div class=\"post-content-bottom\">\n\t\t\t<a href=\"https:\/\/visitsandonatovaldicomino.it\/pt\/historias\/oswald-adler-trude-glaser\/\" class=\"post-bg-image-content\"><div class=\"blog-bg-image-metro\" style=\"background:url(https:\/\/visitsandonatovaldicomino.it\/wp-content\/uploads\/2024\/03\/ADLER001.jpeg) #f7f7f7;\"><\/div><\/a>\n\t\t\t<div class=\"post-metro-content\">\n\t\t\t\t\t\t\t\t\t<div class=\"post-metro-category-top\">\n\t\t\t\t\t\t<div class=\"post-category-list style-1\">\t\n\t<span><a href=\"https:\/\/visitsandonatovaldicomino.it\/pt\/categorias\/historias\/\">Hist\u00f3rias<\/a><\/span><\/div>\n\n\t\t\t\t\t<\/div>\n\t\t\t\t\t\t\t\t<h3 class=\"post-title\">\n\t<a href=\"https:\/\/visitsandonatovaldicomino.it\/pt\/historias\/oswald-adler-trude-glaser\/\" class=\"normal\">A hist\u00f3ria de Oswald Adler e Trude Glaser<\/a>\n<\/h3>\n\t\t\t\t\t\t\t\t\t\t\t\t\t\t\t<\/div>\n\t\t<\/div>\t\n\t\t\t\n\t<\/div>\n<\/article>\n<\/div><div class=\"grid-item metro-item  tp-col-lg-4 tp-col-md-4 tp-col-sm-12 tp-col-12\"><article id=\"post-3348\" class=\"post-3348 post type-post status-publish format-standard has-post-thumbnail hentry category-storie\">\n\t<div class=\"blog-list-content\">\t\t\n\t\t<div class=\"post-content-bottom\">\n\t\t\t<a href=\"https:\/\/visitsandonatovaldicomino.it\/pt\/historias\/saca\/\" class=\"post-bg-image-content\"><div class=\"blog-bg-image-metro\" style=\"background:url(https:\/\/visitsandonatovaldicomino.it\/wp-content\/uploads\/2024\/02\/Una-corriera-della-Sacsa-in-servizio-sulla-linea-Atina-Picinisco.jpeg) #f7f7f7;\"><\/div><\/a>\n\t\t\t<div class=\"post-metro-content\">\n\t\t\t\t\t\t\t\t\t<div class=\"post-metro-category-top\">\n\t\t\t\t\t\t<div class=\"post-category-list style-1\">\t\n\t<span><a href=\"https:\/\/visitsandonatovaldicomino.it\/pt\/categorias\/historias\/\">Hist\u00f3rias<\/a><\/span><\/div>\n\n\t\t\t\t\t<\/div>\n\t\t\t\t\t\t\t\t<h3 class=\"post-title\">\n\t<a href=\"https:\/\/visitsandonatovaldicomino.it\/pt\/historias\/saca\/\" class=\"normal\">Inaugura\u00e7\u00e3o do servi\u00e7o de transporte autom\u00f3vel entre Cassino e Sora<\/a>\n<\/h3>\n\t\t\t\t\t\t\t\t\t\t\t\t\t\t\t<\/div>\n\t\t<\/div>\t\n\t\t\t\n\t<\/div>\n<\/article>\n<\/div><div class=\"grid-item metro-item  tp-col-lg-4 tp-col-md-4 tp-col-sm-12 tp-col-12\"><article id=\"post-578\" class=\"post-578 post type-post status-publish format-standard has-post-thumbnail hentry category-storie\">\n\t<div class=\"blog-list-content\">\t\t\n\t\t<div class=\"post-content-bottom\">\n\t\t\t<a href=\"https:\/\/visitsandonatovaldicomino.it\/pt\/historias\/historiadivincenzopiselli\/\" class=\"post-bg-image-content\"><div class=\"blog-bg-image-metro\" style=\"background:url(https:\/\/visitsandonatovaldicomino.it\/wp-content\/uploads\/2023\/10\/Dachau-scaled.jpeg) #f7f7f7;\"><\/div><\/a>\n\t\t\t<div class=\"post-metro-content\">\n\t\t\t\t\t\t\t\t\t<div class=\"post-metro-category-top\">\n\t\t\t\t\t\t<div class=\"post-category-list style-1\">\t\n\t<span><a href=\"https:\/\/visitsandonatovaldicomino.it\/pt\/categorias\/historias\/\">Hist\u00f3rias<\/a><\/span><\/div>\n\n\t\t\t\t\t<\/div>\n\t\t\t\t\t\t\t\t<h3 class=\"post-title\">\n\t<a href=\"https:\/\/visitsandonatovaldicomino.it\/pt\/historias\/historiadivincenzopiselli\/\" class=\"normal\">A hist\u00f3ria de Vincenzo Piselli: um her\u00f3i de San Donato Val di Comino<\/a>\n<\/h3>\n\t\t\t\t\t\t\t\t\t\t\t\t\t\t\t<\/div>\n\t\t<\/div>\t\n\t\t\t\n\t<\/div>\n<\/article>\n<\/div><\/div><\/div>\t\t\t\t<\/div>\n\t\t\t\t\t<\/div>\n\t\t\t\t<\/div>\n\t\t\t\t<\/div>","protected":false},"excerpt":{"rendered":"<p>Storie De Sancto Donato \u2013 Il primo documento della nostra storia Storie La Storia di Oswald Adler e Trude Glaser Storie Inaugurazione del Servizio di Trasporto Automobilistico tra Cassino e Sora Storie La storia di Vincenzo Piselli: Un eroe di San Donato Val di Comino<\/p>","protected":false},"author":1,"featured_media":0,"parent":0,"menu_order":0,"comment_status":"closed","ping_status":"closed","template":"","meta":{"footnotes":""},"class_list":["post-14103","page","type-page","status-publish","hentry"],"yoast_head":"<!-- This site is optimized with the Yoast SEO Premium plugin v27.4 (Yoast SEO v27.4) - https:\/\/yoast.com\/product\/yoast-seo-premium-wordpress\/ -->\n<title>Leggende e racconti | Visit San Donato Val di Comino<\/title>\n<meta name=\"description\" content=\"Storie De Sancto Donato \u2013 Il primo documento della nostra storia Storie La Storia di Oswald Adler e Trude Glaser Storie Inaugurazione del Servizio di\" \/>\n<meta name=\"robots\" content=\"index, follow, max-snippet:-1, max-image-preview:large, max-video-preview:-1\" \/>\n<link rel=\"canonical\" href=\"https:\/\/visitsandonatovaldicomino.it\/pt\/contos-de-lendas\/\" \/>\n<meta property=\"og:locale\" content=\"pt_PT\" \/>\n<meta property=\"og:type\" content=\"article\" \/>\n<meta property=\"og:title\" content=\"Leggende e racconti | Visit San Donato Val di Comino\" \/>\n<meta property=\"og:description\" content=\"Storie De Sancto Donato \u2013 Il primo documento della nostra storia Storie La Storia di Oswald Adler e Trude Glaser Storie Inaugurazione del Servizio di\" \/>\n<meta property=\"og:url\" content=\"https:\/\/visitsandonatovaldicomino.it\/pt\/contos-de-lendas\/\" \/>\n<meta property=\"og:site_name\" content=\"Visit San Donato Val di Comino\" \/>\n<meta property=\"article:publisher\" content=\"https:\/\/www.facebook.com\/VisitSanDonatoValdiComino\" \/>\n<meta property=\"article:modified_time\" content=\"2024-12-30T00:10:24+00:00\" \/>\n<meta name=\"twitter:card\" content=\"summary_large_image\" \/>\n<!-- \/ Yoast SEO Premium plugin. -->","yoast_head_json":{"title":"Lendas e contos | Visitar San Donato Val di Comino","description":"Hist\u00f3rias De Sancto Donato - O primeiro documento da nossa hist\u00f3ria Hist\u00f3rias A hist\u00f3ria de Oswald Adler e Trude Glaser Hist\u00f3rias Inaugura\u00e7\u00e3o do","robots":{"index":"index","follow":"follow","max-snippet":"max-snippet:-1","max-image-preview":"max-image-preview:large","max-video-preview":"max-video-preview:-1"},"canonical":"https:\/\/visitsandonatovaldicomino.it\/pt\/contos-de-lendas\/","og_locale":"pt_PT","og_type":"article","og_title":"Leggende e racconti | Visit San Donato Val di Comino","og_description":"Storie De Sancto Donato \u2013 Il primo documento della nostra storia Storie La Storia di Oswald Adler e Trude Glaser Storie Inaugurazione del Servizio di","og_url":"https:\/\/visitsandonatovaldicomino.it\/pt\/contos-de-lendas\/","og_site_name":"Visit San Donato Val di Comino","article_publisher":"https:\/\/www.facebook.com\/VisitSanDonatoValdiComino","article_modified_time":"2024-12-30T00:10:24+00:00","twitter_card":"summary_large_image","schema":{"@context":"https:\/\/schema.org","@graph":[{"@type":"WebPage","@id":"https:\/\/visitsandonatovaldicomino.it\/leggende-racconti\/","url":"https:\/\/visitsandonatovaldicomino.it\/leggende-racconti\/","name":"Lendas e contos | Visitar San Donato Val di Comino","isPartOf":{"@id":"https:\/\/visitsandonatovaldicomino.it\/#website"},"datePublished":"2024-12-30T00:05:59+00:00","dateModified":"2024-12-30T00:10:24+00:00","description":"Hist\u00f3rias De Sancto Donato - O primeiro documento da nossa hist\u00f3ria Hist\u00f3rias A hist\u00f3ria de Oswald Adler e Trude Glaser Hist\u00f3rias Inaugura\u00e7\u00e3o do","breadcrumb":{"@id":"https:\/\/visitsandonatovaldicomino.it\/leggende-racconti\/#breadcrumb"},"inLanguage":"pt-PT","potentialAction":[{"@type":"ReadAction","target":["https:\/\/visitsandonatovaldicomino.it\/leggende-racconti\/"]}]},{"@type":"BreadcrumbList","@id":"https:\/\/visitsandonatovaldicomino.it\/leggende-racconti\/#breadcrumb","itemListElement":[{"@type":"ListItem","position":1,"name":"Home","item":"https:\/\/visitsandonatovaldicomino.it\/"},{"@type":"ListItem","position":2,"name":"Leggende e racconti"}]},{"@type":"WebSite","@id":"https:\/\/visitsandonatovaldicomino.it\/#website","url":"https:\/\/visitsandonatovaldicomino.it\/","name":"Visit San Donato Val di Comino","description":"","publisher":{"@id":"https:\/\/visitsandonatovaldicomino.it\/#organization"},"alternateName":"Visit San Donato","potentialAction":[{"@type":"SearchAction","target":{"@type":"EntryPoint","urlTemplate":"https:\/\/visitsandonatovaldicomino.it\/?s={search_term_string}"},"query-input":{"@type":"PropertyValueSpecification","valueRequired":true,"valueName":"search_term_string"}}],"inLanguage":"pt-PT"},{"@type":"Organization","@id":"https:\/\/visitsandonatovaldicomino.it\/#organization","name":"Visit San Donato Val di Comino","alternateName":"Visit San Donato","url":"https:\/\/visitsandonatovaldicomino.it\/","logo":{"@type":"ImageObject","inLanguage":"pt-PT","@id":"https:\/\/visitsandonatovaldicomino.it\/#\/schema\/logo\/image\/","url":"https:\/\/visitsandonatovaldicomino.it\/wp-content\/uploads\/2023\/10\/Visit-San-Donato-Val-di-Comino-Logo-White.png","contentUrl":"https:\/\/visitsandonatovaldicomino.it\/wp-content\/uploads\/2023\/10\/Visit-San-Donato-Val-di-Comino-Logo-White.png","width":1920,"height":1061,"caption":"Visit San Donato Val di Comino"},"image":{"@id":"https:\/\/visitsandonatovaldicomino.it\/#\/schema\/logo\/image\/"},"sameAs":["https:\/\/www.facebook.com\/VisitSanDonatoValdiComino","https:\/\/www.instagram.com\/visit_sandonatovaldicomino"],"email":"info@visitsandonatovaldicomino.it","legalName":"Visit San Donato Val di Comino","foundingDate":"2024-05-01","numberOfEmployees":{"@type":"QuantitativeValue","minValue":"1","maxValue":"10"}}]}},"pure_taxonomies":[],"_links":{"self":[{"href":"https:\/\/visitsandonatovaldicomino.it\/pt\/wp-json\/wp\/v2\/pages\/14103","targetHints":{"allow":["GET"]}}],"collection":[{"href":"https:\/\/visitsandonatovaldicomino.it\/pt\/wp-json\/wp\/v2\/pages"}],"about":[{"href":"https:\/\/visitsandonatovaldicomino.it\/pt\/wp-json\/wp\/v2\/types\/page"}],"author":[{"embeddable":true,"href":"https:\/\/visitsandonatovaldicomino.it\/pt\/wp-json\/wp\/v2\/users\/1"}],"replies":[{"embeddable":true,"href":"https:\/\/visitsandonatovaldicomino.it\/pt\/wp-json\/wp\/v2\/comments?post=14103"}],"version-history":[{"count":15,"href":"https:\/\/visitsandonatovaldicomino.it\/pt\/wp-json\/wp\/v2\/pages\/14103\/revisions"}],"predecessor-version":[{"id":14123,"href":"https:\/\/visitsandonatovaldicomino.it\/pt\/wp-json\/wp\/v2\/pages\/14103\/revisions\/14123"}],"wp:attachment":[{"href":"https:\/\/visitsandonatovaldicomino.it\/pt\/wp-json\/wp\/v2\/media?parent=14103"}],"curies":[{"name":"wp","href":"https:\/\/api.w.org\/{rel}","templated":true}]}}