{"id":3346,"date":"2024-05-16T18:23:55","date_gmt":"2024-05-16T16:23:55","guid":{"rendered":"https:\/\/visitsandonatovaldicomino.it\/disconoscimento\/"},"modified":"2024-10-20T22:38:09","modified_gmt":"2024-10-20T20:38:09","slug":"desautorizacao","status":"publish","type":"page","link":"https:\/\/visitsandonatovaldicomino.it\/pt\/desautorizacao\/","title":{"rendered":"Rep\u00fadio"},"content":{"rendered":"<div data-elementor-type=\"wp-page\" data-elementor-id=\"3346\" class=\"elementor elementor-3346\" data-elementor-post-type=\"page\">\n\t\t\t\t<div class=\"elementor-element elementor-element-d8958ef e-con-full e-flex e-con e-parent\" data-id=\"d8958ef\" data-element_type=\"container\" data-e-type=\"container\">\n\t\t\t\t<div class=\"elementor-element elementor-element-4ae3084 elementor-widget elementor-widget-template\" data-id=\"4ae3084\" data-element_type=\"widget\" data-e-type=\"widget\" data-widget_type=\"template.default\">\n\t\t\t\t<div class=\"elementor-widget-container\">\n\t\t\t\t\t\t\t<div class=\"elementor-template\">\n\t\t\t\t\t<div data-elementor-type=\"container\" data-elementor-id=\"1691\" class=\"elementor elementor-1691\" data-elementor-post-type=\"elementor_library\">\n\t\t\t\t<section class=\"elementor-element elementor-element-42700f7 pagetitle-header e-flex e-con-boxed e-con e-parent\" data-id=\"42700f7\" data-element_type=\"container\" data-e-type=\"container\" data-settings=\"{&quot;background_background&quot;:&quot;classic&quot;}\">\n\t\t\t\t\t<div class=\"e-con-inner\">\n\t\t\t\t<div class=\"elementor-element elementor-element-0de2a62 elementor-widget elementor-widget-heading\" data-id=\"0de2a62\" data-element_type=\"widget\" data-e-type=\"widget\" data-widget_type=\"heading.default\">\n\t\t\t\t<div class=\"elementor-widget-container\">\n\t\t\t\t\t<h1 class=\"elementor-heading-title elementor-size-default\">Rep\u00fadio<\/h1>\t\t\t\t<\/div>\n\t\t\t\t<\/div>\n\t\t\t\t<div class=\"elementor-element elementor-element-93259c7 elementor-widget elementor-widget-breadcrumbs\" data-id=\"93259c7\" data-element_type=\"widget\" data-e-type=\"widget\" data-widget_type=\"breadcrumbs.default\">\n\t\t\t\t<div class=\"elementor-widget-container\">\n\t\t\t\t\t<p id=\"breadcrumbs\"><span><span><a href=\"https:\/\/visitsandonatovaldicomino.it\/pt\/\">In\u00edcio<\/a><\/span><\/span><\/p>\t\t\t\t<\/div>\n\t\t\t\t<\/div>\n\t\t\t\t\t<\/div>\n\t\t\t\t<\/section>\n\t\t\t\t<\/div>\n\t\t\t\t<\/div>\n\t\t\t\t\t\t<\/div>\n\t\t\t\t<\/div>\n\t\t\t\t<\/div>\n\t\t<div class=\"elementor-element elementor-element-3520dbb9 e-flex e-con-boxed e-con e-parent\" data-id=\"3520dbb9\" data-element_type=\"container\" data-e-type=\"container\">\n\t\t\t\t\t<div class=\"e-con-inner\">\n\t\t\t\t<div class=\"elementor-element elementor-element-5eaca1d6 elementor-widget elementor-widget-shortcode\" data-id=\"5eaca1d6\" data-element_type=\"widget\" data-e-type=\"widget\" data-widget_type=\"shortcode.default\">\n\t\t\t\t<div class=\"elementor-widget-container\">\n\t\t\t\t\t\t\t<div class=\"elementor-shortcode\">\n<!-- Legal document generated by Complianz | GDPR\/CCPA Cookie Consent https:\/\/wordpress.org\/plugins\/complianz-gdpr -->\n<div id=\"cmplz-document\" class=\"cmplz-document disclaimer cmplz-document-all\"><p>Pellegrini Alessio tem o compromisso de manter este site atualizado e preciso. Se, no entanto, encontrar algo que esteja incorreto ou desatualizado, agradecer\u00edamos nos informar. Indique onde leu as informa\u00e7\u00f5es no site. De seguida, examinaremos o mais r\u00e1pido poss\u00edvel. Envie a sua resposta por e-mail para: <span class=\"cmplz-obfuscate\">info@<span class=\"cmplz-fmail-domain\">&#101;x&#046;&#099;om<\/span>vi&#115;&#105;t&#115;&#097;n&#100;&#111;&#110;&#097;to&#118;&#097;&#108;d&#105;c&#111;mino.it<\/span>.<\/p><p>N\u00e3o nos responsabilizamos por perdas resultantes de imprecis\u00f5es ou informa\u00e7\u00e3o incompleta, nem por perdas causadas por ou inerentes \u00e0 divulga\u00e7\u00e3o de informa\u00e7\u00f5es pela internet, como perturba\u00e7\u00f5es ou interrup\u00e7\u00f5es. Ao usar formul\u00e1rios da web, esfor\u00e7amo-nos para limitar ao m\u00ednimo o n\u00famero de campos obrigat\u00f3rios. Pellegrini Alessio n\u00e3o ser\u00e1 respons\u00e1vel por qualquer perda sofrida como resultado da utiliza\u00e7\u00e3o de dados, informa\u00e7\u00f5es ou ideias fornecidas por ou em nome de Pellegrini Alessio atrav\u00e9s deste s\u00edtio web.<\/p><p>As respostas e consultas de privacidade enviadas por e-mail ou usando um formul\u00e1rio da web ser\u00e3o tratadas da mesma forma que as cartas. Isso significa que pode esperar uma resposta nossa dentro de um per\u00edodo de no m\u00e1ximo 1 m\u00eas. No caso de solicita\u00e7\u00f5es complexas, iremos inform\u00e1-lo dentro de 1 m\u00eas se precisarmos de no m\u00e1ximo 3 meses.<\/p><p>Quaisquer dados pessoais que nos forne\u00e7am no contexto da sua resposta ou solicita\u00e7\u00e3o de informa\u00e7\u00f5es ser\u00e3o usados apenas de acordo com a nossa declara\u00e7\u00e3o de privacidade.<\/p><p>Pellegrini Alessio far\u00e1 todos os esfor\u00e7os racionais para proteger os seus sistemas contra qualquer forma de utiliza\u00e7\u00e3o ilegal. Pellegrini Alessio implementar\u00e1 t\u00e9cnicas e organizacionais adequadas medidas para esse fim, levando em considera\u00e7\u00e3o, entre outras coisas, as melhores tecnologias dispon\u00edveis (estado da arte). No entanto, n\u00e3o ser\u00e1 respons\u00e1vel por qualquer perda, direta e\/ou indireta, sofrida por um utilizador do site que resulte do uso ilegal dos seus sistemas por terceiros.<\/p><p>Pellegrini Alessio n\u00e3o se responsabiliza pelo conte\u00fado dos sites para os quais ou a partir dos quais um link ou outra refer\u00eancia \u00e9 feita. Os produtos ou servi\u00e7os oferecidos por terceiros est\u00e3o sujeitos aos termos e condi\u00e7\u00f5es aplic\u00e1veis desses terceiros.<\/p><p>Os nossos funcion\u00e1rios far\u00e3o todos os esfor\u00e7os para garantir a acessibilidade do nosso site e para melhor\u00e1-lo continuamente. Inclusivo para pessoas que usam software especial devido a defici\u00eancia.<\/p><p>Este site \u00e9, portanto, constru\u00eddo de acordo com as diretrizes WCAG 2.1 n\u00edvel AA. Essas diretrizes s\u00e3o acordos reconhecidos internacionalmente sobre acessibilidade, sustentabilidade, intercambialidade e localiza\u00e7\u00e3o de sites.<\/p><p>Todos os direitos de propriedade intelectual do conte\u00fado deste site s\u00e3o de Pellegrini Alessio ou de terceiros que colocaram o conte\u00fado por conta pr\u00f3pria ou de quem Pellegrini Alessio obteve uma licen\u00e7a de utiliza\u00e7\u00e3o.<\/p><p>A c\u00f3pia, dissemina\u00e7\u00e3o e qualquer outro uso desses materiais n\u00e3o s\u00e3o permitidos sem a permiss\u00e3o por escrito de Pellegrini Alessio, exceto e apenas na medida em que estipulado de outra forma nos regulamentos da lei obrigat\u00f3ria (como o direito de citar), a menos que o conte\u00fado espec\u00edfico dite o contr\u00e1rio.<\/p><p>Se tiver d\u00favidas ou problemas com a acessibilidade do site, n\u00e3o hesite em contactar-nos.<\/p><\/div><\/div>\n\t\t\t\t\t\t<\/div>\n\t\t\t\t<\/div>\n\t\t\t\t\t<\/div>\n\t\t\t\t<\/div>\n\t\t\t\t<\/div>","protected":false},"excerpt":{"rendered":"","protected":false},"author":1,"featured_media":0,"parent":0,"menu_order":0,"comment_status":"closed","ping_status":"closed","template":"","meta":{"footnotes":""},"class_list":["post-3346","page","type-page","status-publish","hentry"],"yoast_head":"<!-- This site is optimized with the Yoast SEO Premium plugin v27.4 (Yoast SEO v27.4) - https:\/\/yoast.com\/product\/yoast-seo-premium-wordpress\/ -->\n<title>Disconoscimento | Visit San Donato Val di Comino<\/title>\n<meta name=\"robots\" content=\"noindex, nofollow\" \/>\n<meta property=\"og:locale\" content=\"pt_PT\" \/>\n<meta property=\"og:type\" content=\"article\" \/>\n<meta property=\"og:title\" content=\"Disconoscimento | Visit San Donato Val di Comino\" \/>\n<meta property=\"og:url\" content=\"https:\/\/visitsandonatovaldicomino.it\/pt\/desautorizacao\/\" \/>\n<meta property=\"og:site_name\" content=\"Visit San Donato Val di Comino\" \/>\n<meta property=\"article:publisher\" content=\"https:\/\/www.facebook.com\/VisitSanDonatoValdiComino\" \/>\n<meta property=\"article:modified_time\" content=\"2024-10-20T20:38:09+00:00\" \/>\n<meta name=\"twitter:card\" content=\"summary_large_image\" \/>\n<!-- \/ Yoast SEO Premium plugin. -->","yoast_head_json":{"title":"Desmentir | Visitar San Donato Val di Comino","robots":{"index":"noindex","follow":"nofollow"},"og_locale":"pt_PT","og_type":"article","og_title":"Disconoscimento | Visit San Donato Val di Comino","og_url":"https:\/\/visitsandonatovaldicomino.it\/pt\/desautorizacao\/","og_site_name":"Visit San Donato Val di Comino","article_publisher":"https:\/\/www.facebook.com\/VisitSanDonatoValdiComino","article_modified_time":"2024-10-20T20:38:09+00:00","twitter_card":"summary_large_image","schema":{"@context":"https:\/\/schema.org","@graph":[{"@type":"WebPage","@id":"https:\/\/visitsandonatovaldicomino.it\/disconoscimento\/","url":"https:\/\/visitsandonatovaldicomino.it\/disconoscimento\/","name":"Desmentir | Visitar San Donato Val di Comino","isPartOf":{"@id":"https:\/\/visitsandonatovaldicomino.it\/#website"},"datePublished":"2024-05-16T16:23:55+00:00","dateModified":"2024-10-20T20:38:09+00:00","breadcrumb":{"@id":"https:\/\/visitsandonatovaldicomino.it\/disconoscimento\/#breadcrumb"},"inLanguage":"pt-PT","potentialAction":[{"@type":"ReadAction","target":["https:\/\/visitsandonatovaldicomino.it\/disconoscimento\/"]}]},{"@type":"BreadcrumbList","@id":"https:\/\/visitsandonatovaldicomino.it\/disconoscimento\/#breadcrumb","itemListElement":[{"@type":"ListItem","position":1,"name":"Home","item":"https:\/\/visitsandonatovaldicomino.it\/"},{"@type":"ListItem","position":2,"name":"Disconoscimento"}]},{"@type":"WebSite","@id":"https:\/\/visitsandonatovaldicomino.it\/#website","url":"https:\/\/visitsandonatovaldicomino.it\/","name":"Visit San Donato Val di Comino","description":"","publisher":{"@id":"https:\/\/visitsandonatovaldicomino.it\/#organization"},"alternateName":"Visit San Donato","potentialAction":[{"@type":"SearchAction","target":{"@type":"EntryPoint","urlTemplate":"https:\/\/visitsandonatovaldicomino.it\/?s={search_term_string}"},"query-input":{"@type":"PropertyValueSpecification","valueRequired":true,"valueName":"search_term_string"}}],"inLanguage":"pt-PT"},{"@type":"Organization","@id":"https:\/\/visitsandonatovaldicomino.it\/#organization","name":"Visit San Donato Val di Comino","alternateName":"Visit San Donato","url":"https:\/\/visitsandonatovaldicomino.it\/","logo":{"@type":"ImageObject","inLanguage":"pt-PT","@id":"https:\/\/visitsandonatovaldicomino.it\/#\/schema\/logo\/image\/","url":"https:\/\/visitsandonatovaldicomino.it\/wp-content\/uploads\/2023\/10\/Visit-San-Donato-Val-di-Comino-Logo-White.png","contentUrl":"https:\/\/visitsandonatovaldicomino.it\/wp-content\/uploads\/2023\/10\/Visit-San-Donato-Val-di-Comino-Logo-White.png","width":1920,"height":1061,"caption":"Visit San Donato Val di Comino"},"image":{"@id":"https:\/\/visitsandonatovaldicomino.it\/#\/schema\/logo\/image\/"},"sameAs":["https:\/\/www.facebook.com\/VisitSanDonatoValdiComino","https:\/\/www.instagram.com\/visit_sandonatovaldicomino"],"email":"info@visitsandonatovaldicomino.it","legalName":"Visit San Donato Val di Comino","foundingDate":"2024-05-01","numberOfEmployees":{"@type":"QuantitativeValue","minValue":"1","maxValue":"10"}}]}},"pure_taxonomies":[],"_links":{"self":[{"href":"https:\/\/visitsandonatovaldicomino.it\/pt\/wp-json\/wp\/v2\/pages\/3346","targetHints":{"allow":["GET"]}}],"collection":[{"href":"https:\/\/visitsandonatovaldicomino.it\/pt\/wp-json\/wp\/v2\/pages"}],"about":[{"href":"https:\/\/visitsandonatovaldicomino.it\/pt\/wp-json\/wp\/v2\/types\/page"}],"author":[{"embeddable":true,"href":"https:\/\/visitsandonatovaldicomino.it\/pt\/wp-json\/wp\/v2\/users\/1"}],"replies":[{"embeddable":true,"href":"https:\/\/visitsandonatovaldicomino.it\/pt\/wp-json\/wp\/v2\/comments?post=3346"}],"version-history":[{"count":4,"href":"https:\/\/visitsandonatovaldicomino.it\/pt\/wp-json\/wp\/v2\/pages\/3346\/revisions"}],"predecessor-version":[{"id":8539,"href":"https:\/\/visitsandonatovaldicomino.it\/pt\/wp-json\/wp\/v2\/pages\/3346\/revisions\/8539"}],"wp:attachment":[{"href":"https:\/\/visitsandonatovaldicomino.it\/pt\/wp-json\/wp\/v2\/media?parent=3346"}],"curies":[{"name":"wp","href":"https:\/\/api.w.org\/{rel}","templated":true}]}}