{"id":3435,"date":"2024-05-18T00:04:06","date_gmt":"2024-05-17T22:04:06","guid":{"rendered":"https:\/\/visitsandonatovaldicomino.it\/?page_id=3435"},"modified":"2025-06-10T14:42:24","modified_gmt":"2025-06-10T12:42:24","slug":"noticias","status":"publish","type":"page","link":"https:\/\/visitsandonatovaldicomino.it\/pt\/noticias\/","title":{"rendered":"Not\u00edcias"},"content":{"rendered":"<div data-elementor-type=\"wp-page\" data-elementor-id=\"3435\" class=\"elementor elementor-3435\" data-elementor-post-type=\"page\">\n\t\t\t\t<div class=\"elementor-element elementor-element-1f5f278 e-con-full e-flex e-con e-child\" data-id=\"1f5f278\" data-element_type=\"container\" data-e-type=\"container\">\n\t\t\t\t<div class=\"elementor-element elementor-element-95f03d4 elementor-widget elementor-widget-template\" data-id=\"95f03d4\" data-element_type=\"widget\" data-e-type=\"widget\" data-widget_type=\"template.default\">\n\t\t\t\t<div class=\"elementor-widget-container\">\n\t\t\t\t\t\t\t<div class=\"elementor-template\">\n\t\t\t\t\t<div data-elementor-type=\"container\" data-elementor-id=\"1691\" class=\"elementor elementor-1691\" data-elementor-post-type=\"elementor_library\">\n\t\t\t\t<section class=\"elementor-element elementor-element-42700f7 pagetitle-header e-flex e-con-boxed e-con e-parent\" data-id=\"42700f7\" data-element_type=\"container\" data-e-type=\"container\" data-settings=\"{&quot;background_background&quot;:&quot;classic&quot;}\">\n\t\t\t\t\t<div class=\"e-con-inner\">\n\t\t\t\t<div class=\"elementor-element elementor-element-0de2a62 elementor-widget elementor-widget-heading\" data-id=\"0de2a62\" data-element_type=\"widget\" data-e-type=\"widget\" data-widget_type=\"heading.default\">\n\t\t\t\t<div class=\"elementor-widget-container\">\n\t\t\t\t\t<h1 class=\"elementor-heading-title elementor-size-default\">Not\u00edcias<\/h1>\t\t\t\t<\/div>\n\t\t\t\t<\/div>\n\t\t\t\t<div class=\"elementor-element elementor-element-93259c7 elementor-widget elementor-widget-breadcrumbs\" data-id=\"93259c7\" data-element_type=\"widget\" data-e-type=\"widget\" data-widget_type=\"breadcrumbs.default\">\n\t\t\t\t<div class=\"elementor-widget-container\">\n\t\t\t\t\t<p id=\"breadcrumbs\"><span><span><a href=\"https:\/\/visitsandonatovaldicomino.it\/pt\/\">In\u00edcio<\/a><\/span><\/span><\/p>\t\t\t\t<\/div>\n\t\t\t\t<\/div>\n\t\t\t\t\t<\/div>\n\t\t\t\t<\/section>\n\t\t\t\t<\/div>\n\t\t\t\t<\/div>\n\t\t\t\t\t\t<\/div>\n\t\t\t\t<\/div>\n\t\t\t\t<\/div>\n\t\t<div class=\"elementor-element elementor-element-c88c948 e-flex e-con-boxed e-con e-parent\" data-id=\"c88c948\" data-element_type=\"container\" data-e-type=\"container\">\n\t\t\t\t\t<div class=\"e-con-inner\">\n\t\t<style>.yw-post-3435 .elementor- .elementor-element.elementor-element-f00118c .blog-list .blog-list-content .blog-featured-image:before,.yw-post-3435 .elementor- .elementor-element.elementor-element-f00118c .blog-list.list-isotope-metro .blog-list-content .blog-bg-image-metro:before,.yw-post-3435 .elementor- .elementor-element.elementor-element-f00118c .blog-list.blog-style-4 .post-content-bottom .blog-bg-image-metro:before,.yw-post-3435 .elementor- .elementor-element.elementor-element-f00118c .blog-list .tpae-preset-image:before{background-image: url(\"\");}<\/style>\t\t<div class=\"elementor-element elementor-element-f00118c elementor-widget elementor-widget-tp-blog-listout\" data-id=\"f00118c\" data-element_type=\"widget\" data-e-type=\"widget\" data-widget_type=\"tp-blog-listout.default\">\n\t\t\t\t\t<div id=\"pt-plus-blog-post-list\" class=\"blog-list post69e2303eaff4d  list-isotope  blog-style-4 hover-image-style-1\"  data-layout-type=\"fitRows\"   data-id=\"post69e2303eaff4d\" data-style=\"style-4\"   dir= \"data-enable-isotope=\"1\"\" filter-type = \"normal\"><div id=\"post69e2303eaff4d\" class=\"tp-row post-inner-loop post69e2303eaff4d    tp-listing-preloader\" data-extparam= '{\"loading-opt\":\"skeleton\",\"URL-para\":\"\"}'  ><div class=\"grid-item metro-item  tp-col-lg-4 tp-col-md-4 tp-col-sm-12 tp-col-12\"><article id=\"post-18711\" class=\"post-18711 post type-post status-publish format-standard has-post-thumbnail hentry category-curiosita\">\n\t<div class=\"blog-list-content\">\t\t\n\t\t<div class=\"post-content-bottom\">\n\t\t\t<a href=\"https:\/\/visitsandonatovaldicomino.it\/pt\/curiosidade\/coexistencia-harmoniosa-com-os-ursos-no-nosso-territorio\/\" class=\"post-bg-image-content\"><div class=\"blog-bg-image-metro\" style=\"background:url(https:\/\/visitsandonatovaldicomino.it\/wp-content\/uploads\/2025\/06\/side-view-cat-walking-rock.jpg) #f7f7f7;\"><\/div><\/a>\n\t\t\t<div class=\"post-metro-content\">\n\t\t\t\t\t\t\t\t\t<div class=\"post-metro-category-top\">\n\t\t\t\t\t\t<div class=\"post-category-list style-1\">\t\n\t<span><a href=\"https:\/\/visitsandonatovaldicomino.it\/pt\/categorias\/curiosidade\/\">Curiosidades<\/a><\/span><\/div>\n\n\t\t\t\t\t<\/div>\n\t\t\t\t\t\t\t\t<h3 class=\"post-title\">\n\t<a href=\"https:\/\/visitsandonatovaldicomino.it\/pt\/curiosidade\/coexistencia-harmoniosa-com-os-ursos-no-nosso-territorio\/\" class=\"normal\">Coexist\u00eancia harmoniosa com os ursos no nosso territ\u00f3rio<\/a>\n<\/h3>\n\t\t\t\t\t\t\t\t\t\t\t\t\t\t\t<\/div>\n\t\t<\/div>\t\n\t\t\t\n\t<\/div>\n<\/article>\n<\/div><div class=\"grid-item metro-item  tp-col-lg-4 tp-col-md-4 tp-col-sm-12 tp-col-12\"><article id=\"post-18701\" class=\"post-18701 post type-post status-publish format-standard has-post-thumbnail hentry category-storie\">\n\t<div class=\"blog-list-content\">\t\t\n\t\t<div class=\"post-content-bottom\">\n\t\t\t<a href=\"https:\/\/visitsandonatovaldicomino.it\/pt\/historias\/san-donato-val-di-comino-onde-a-nossa-historia-tem-as-suas-raizes-em-778-d-c\/\" class=\"post-bg-image-content\"><div class=\"blog-bg-image-metro\" style=\"background:url(https:\/\/visitsandonatovaldicomino.it\/wp-content\/uploads\/2025\/06\/495372885_1085588756937533_3171776961495211652_n.jpg) #f7f7f7;\"><\/div><\/a>\n\t\t\t<div class=\"post-metro-content\">\n\t\t\t\t\t\t\t\t\t<div class=\"post-metro-category-top\">\n\t\t\t\t\t\t<div class=\"post-category-list style-1\">\t\n\t<span><a href=\"https:\/\/visitsandonatovaldicomino.it\/pt\/categorias\/historias\/\">Hist\u00f3rias<\/a><\/span><\/div>\n\n\t\t\t\t\t<\/div>\n\t\t\t\t\t\t\t\t<h3 class=\"post-title\">\n\t<a href=\"https:\/\/visitsandonatovaldicomino.it\/pt\/historias\/san-donato-val-di-comino-onde-a-nossa-historia-tem-as-suas-raizes-em-778-d-c\/\" class=\"normal\">San Donato Val di Comino: onde a nossa hist\u00f3ria tem as suas ra\u00edzes em 778 d.C.<\/a>\n<\/h3>\n\t\t\t\t\t\t\t\t\t\t\t\t\t\t\t<\/div>\n\t\t<\/div>\t\n\t\t\t\n\t<\/div>\n<\/article>\n<\/div><div class=\"grid-item metro-item  tp-col-lg-4 tp-col-md-4 tp-col-sm-12 tp-col-12\"><article id=\"post-18690\" class=\"post-18690 post type-post status-publish format-standard has-post-thumbnail hentry category-storie\">\n\t<div class=\"blog-list-content\">\t\t\n\t\t<div class=\"post-content-bottom\">\n\t\t\t<a href=\"https:\/\/visitsandonatovaldicomino.it\/pt\/historias\/o-rochedo-dos-alemaes-quando-a-historia-deixa-a-sua-marca-na-montanha\/\" class=\"post-bg-image-content\"><div class=\"blog-bg-image-metro\" style=\"background:url(https:\/\/visitsandonatovaldicomino.it\/wp-content\/uploads\/2025\/05\/502140470_1104666028363139_405866201126450570_n.jpg) #f7f7f7;\"><\/div><\/a>\n\t\t\t<div class=\"post-metro-content\">\n\t\t\t\t\t\t\t\t\t<div class=\"post-metro-category-top\">\n\t\t\t\t\t\t<div class=\"post-category-list style-1\">\t\n\t<span><a href=\"https:\/\/visitsandonatovaldicomino.it\/pt\/categorias\/historias\/\">Hist\u00f3rias<\/a><\/span><\/div>\n\n\t\t\t\t\t<\/div>\n\t\t\t\t\t\t\t\t<h3 class=\"post-title\">\n\t<a href=\"https:\/\/visitsandonatovaldicomino.it\/pt\/historias\/o-rochedo-dos-alemaes-quando-a-historia-deixa-a-sua-marca-na-montanha\/\" class=\"normal\">O Rochedo dos Alem\u00e3es: quando a hist\u00f3ria deixa a sua marca na montanha<\/a>\n<\/h3>\n\t\t\t\t\t\t\t\t\t\t\t\t\t\t\t<\/div>\n\t\t<\/div>\t\n\t\t\t\n\t<\/div>\n<\/article>\n<\/div><div class=\"grid-item metro-item  tp-col-lg-4 tp-col-md-4 tp-col-sm-12 tp-col-12\"><article id=\"post-18445\" class=\"post-18445 post type-post status-publish format-standard has-post-thumbnail hentry category-storie\">\n\t<div class=\"blog-list-content\">\t\t\n\t\t<div class=\"post-content-bottom\">\n\t\t\t<a href=\"https:\/\/visitsandonatovaldicomino.it\/pt\/historias\/um-primeiro-de-maio-historico\/\" class=\"post-bg-image-content\"><div class=\"blog-bg-image-metro\" style=\"background:url(https:\/\/visitsandonatovaldicomino.it\/wp-content\/uploads\/2025\/04\/1-maggio-1908-San-Donato-Val-di-Comino-copia.jpeg) #f7f7f7;\"><\/div><\/a>\n\t\t\t<div class=\"post-metro-content\">\n\t\t\t\t\t\t\t\t\t<div class=\"post-metro-category-top\">\n\t\t\t\t\t\t<div class=\"post-category-list style-1\">\t\n\t<span><a href=\"https:\/\/visitsandonatovaldicomino.it\/pt\/categorias\/historias\/\">Hist\u00f3rias<\/a><\/span><\/div>\n\n\t\t\t\t\t<\/div>\n\t\t\t\t\t\t\t\t<h3 class=\"post-title\">\n\t<a href=\"https:\/\/visitsandonatovaldicomino.it\/pt\/historias\/um-primeiro-de-maio-historico\/\" class=\"normal\">As vozes dos trabalhadores ressoam em San Donato Val di Comino<\/a>\n<\/h3>\n\t\t\t\t\t\t\t\t\t\t\t\t\t\t\t<\/div>\n\t\t<\/div>\t\n\t\t\t\n\t<\/div>\n<\/article>\n<\/div><div class=\"grid-item metro-item  tp-col-lg-4 tp-col-md-4 tp-col-sm-12 tp-col-12\"><article id=\"post-18679\" class=\"post-18679 post type-post status-publish format-standard has-post-thumbnail hentry category-curiosita\">\n\t<div class=\"blog-list-content\">\t\t\n\t\t<div class=\"post-content-bottom\">\n\t\t\t<a href=\"https:\/\/visitsandonatovaldicomino.it\/pt\/curiosidade\/a-estrada-mais-estreita-de-san-donato-val-di-comino\/\" class=\"post-bg-image-content\"><div class=\"blog-bg-image-metro\" style=\"background:url(https:\/\/visitsandonatovaldicomino.it\/wp-content\/uploads\/2025\/04\/502766441_1106173768212365_5314067530256809415_n.jpg) #f7f7f7;\"><\/div><\/a>\n\t\t\t<div class=\"post-metro-content\">\n\t\t\t\t\t\t\t\t\t<div class=\"post-metro-category-top\">\n\t\t\t\t\t\t<div class=\"post-category-list style-1\">\t\n\t<span><a href=\"https:\/\/visitsandonatovaldicomino.it\/pt\/categorias\/curiosidade\/\">Curiosidades<\/a><\/span><\/div>\n\n\t\t\t\t\t<\/div>\n\t\t\t\t\t\t\t\t<h3 class=\"post-title\">\n\t<a href=\"https:\/\/visitsandonatovaldicomino.it\/pt\/curiosidade\/a-estrada-mais-estreita-de-san-donato-val-di-comino\/\" class=\"normal\">A estrada mais estreita de San Donato Val di Comino<\/a>\n<\/h3>\n\t\t\t\t\t\t\t\t\t\t\t\t\t\t\t<\/div>\n\t\t<\/div>\t\n\t\t\t\n\t<\/div>\n<\/article>\n<\/div><div class=\"grid-item metro-item  tp-col-lg-4 tp-col-md-4 tp-col-sm-12 tp-col-12\"><article id=\"post-18395\" class=\"post-18395 post type-post status-publish format-standard has-post-thumbnail hentry category-curiosita\">\n\t<div class=\"blog-list-content\">\t\t\n\t\t<div class=\"post-content-bottom\">\n\t\t\t<a href=\"https:\/\/visitsandonatovaldicomino.it\/pt\/curiosidade\/a-procissao-de-sexta-feira-santa\/\" class=\"post-bg-image-content\"><div class=\"blog-bg-image-metro\" style=\"background:url(https:\/\/visitsandonatovaldicomino.it\/wp-content\/uploads\/2025\/03\/IMG_6435.jpg) #f7f7f7;\"><\/div><\/a>\n\t\t\t<div class=\"post-metro-content\">\n\t\t\t\t\t\t\t\t\t<div class=\"post-metro-category-top\">\n\t\t\t\t\t\t<div class=\"post-category-list style-1\">\t\n\t<span><a href=\"https:\/\/visitsandonatovaldicomino.it\/pt\/categorias\/curiosidade\/\">Curiosidades<\/a><\/span><\/div>\n\n\t\t\t\t\t<\/div>\n\t\t\t\t\t\t\t\t<h3 class=\"post-title\">\n\t<a href=\"https:\/\/visitsandonatovaldicomino.it\/pt\/curiosidade\/a-procissao-de-sexta-feira-santa\/\" class=\"normal\">A prociss\u00e3o de Sexta-feira Santa<\/a>\n<\/h3>\n\t\t\t\t\t\t\t\t\t\t\t\t\t\t\t<\/div>\n\t\t<\/div>\t\n\t\t\t\n\t<\/div>\n<\/article>\n<\/div><div class=\"grid-item metro-item  tp-col-lg-4 tp-col-md-4 tp-col-sm-12 tp-col-12\"><article id=\"post-7213\" class=\"post-7213 post type-post status-publish format-standard has-post-thumbnail hentry category-scopri\">\n\t<div class=\"blog-list-content\">\t\t\n\t\t<div class=\"post-content-bottom\">\n\t\t\t<a href=\"https:\/\/visitsandonatovaldicomino.it\/pt\/descobrir\/3h-no-coracao-da-aldeia\/\" class=\"post-bg-image-content\"><div class=\"blog-bg-image-metro\" style=\"background:url(https:\/\/visitsandonatovaldicomino.it\/wp-content\/uploads\/2024\/09\/487201200_1056020919894317_3343551323658420298_n.jpg) #f7f7f7;\"><\/div><\/a>\n\t\t\t<div class=\"post-metro-content\">\n\t\t\t\t\t\t\t\t\t<div class=\"post-metro-category-top\">\n\t\t\t\t\t\t<div class=\"post-category-list style-1\">\t\n\t<span><a href=\"https:\/\/visitsandonatovaldicomino.it\/pt\/categorias\/descobrir\/\">Descubra<\/a><\/span><\/div>\n\n\t\t\t\t\t<\/div>\n\t\t\t\t\t\t\t\t<h3 class=\"post-title\">\n\t<a href=\"https:\/\/visitsandonatovaldicomino.it\/pt\/descobrir\/3h-no-coracao-da-aldeia\/\" class=\"normal\">Tr\u00eas horas no cora\u00e7\u00e3o da aldeia<\/a>\n<\/h3>\n\t\t\t\t\t\t\t\t\t\t\t\t\t\t\t<\/div>\n\t\t<\/div>\t\n\t\t\t\n\t<\/div>\n<\/article>\n<\/div><div class=\"grid-item metro-item  tp-col-lg-4 tp-col-md-4 tp-col-sm-12 tp-col-12\"><article id=\"post-7180\" class=\"post-7180 post type-post status-publish format-standard has-post-thumbnail hentry category-scopri tag-articoli-natura\">\n\t<div class=\"blog-list-content\">\t\t\n\t\t<div class=\"post-content-bottom\">\n\t\t\t<a href=\"https:\/\/visitsandonatovaldicomino.it\/pt\/descobrir\/primavera-flores-fauna\/\" class=\"post-bg-image-content\"><div class=\"blog-bg-image-metro\" style=\"background:url(https:\/\/visitsandonatovaldicomino.it\/wp-content\/uploads\/2024\/09\/486467687_1056019636561112_5266829427795056196_n.jpg) #f7f7f7;\"><\/div><\/a>\n\t\t\t<div class=\"post-metro-content\">\n\t\t\t\t\t\t\t\t\t<div class=\"post-metro-category-top\">\n\t\t\t\t\t\t<div class=\"post-category-list style-1\">\t\n\t<span><a href=\"https:\/\/visitsandonatovaldicomino.it\/pt\/categorias\/descobrir\/\">Descubra<\/a><\/span><\/div>\n\n\t\t\t\t\t<\/div>\n\t\t\t\t\t\t\t\t<h3 class=\"post-title\">\n\t<a href=\"https:\/\/visitsandonatovaldicomino.it\/pt\/descobrir\/primavera-flores-fauna\/\" class=\"normal\">Itiner\u00e1rio de primavera: flores e fauna no Valle di Comino<\/a>\n<\/h3>\n\t\t\t\t\t\t\t\t\t\t\t\t\t\t\t<\/div>\n\t\t<\/div>\t\n\t\t\t\n\t<\/div>\n<\/article>\n<\/div><div class=\"grid-item metro-item  tp-col-lg-4 tp-col-md-4 tp-col-sm-12 tp-col-12\"><article id=\"post-7119\" class=\"post-7119 post type-post status-publish format-standard has-post-thumbnail hentry category-scopri tag-articoli-natura\">\n\t<div class=\"blog-list-content\">\t\t\n\t\t<div class=\"post-content-bottom\">\n\t\t\t<a href=\"https:\/\/visitsandonatovaldicomino.it\/pt\/descobrir\/folhagem-forca-dacero\/\" class=\"post-bg-image-content\"><div class=\"blog-bg-image-metro\" style=\"background:url(https:\/\/visitsandonatovaldicomino.it\/wp-content\/uploads\/2024\/09\/Foliage-Forca-dAcero.jpg) #f7f7f7;\"><\/div><\/a>\n\t\t\t<div class=\"post-metro-content\">\n\t\t\t\t\t\t\t\t\t<div class=\"post-metro-category-top\">\n\t\t\t\t\t\t<div class=\"post-category-list style-1\">\t\n\t<span><a href=\"https:\/\/visitsandonatovaldicomino.it\/pt\/categorias\/descobrir\/\">Descubra<\/a><\/span><\/div>\n\n\t\t\t\t\t<\/div>\n\t\t\t\t\t\t\t\t<h3 class=\"post-title\">\n\t<a href=\"https:\/\/visitsandonatovaldicomino.it\/pt\/descobrir\/folhagem-forca-dacero\/\" class=\"normal\">Folhagem na Forca d'Acero: uma experi\u00eancia de imers\u00e3o nas cores do outono<\/a>\n<\/h3>\n\t\t\t\t\t\t\t\t\t\t\t\t\t\t\t<\/div>\n\t\t<\/div>\t\n\t\t\t\n\t<\/div>\n<\/article>\n<\/div><\/div><div class=\"ajax_lazy_load\"><a class=\"post-lazy-load\" data-layout=\"grid\" data-offset-posts=\"\" data-load-class=\"post69e2303eaff4d\" data-display_post=\"9\" data-post_load_more=\"4\" data-loaded_posts=\"Completato!\" data-tp_loading_text=\"Caricamento...\" data-page=\"1\" data-total_page=\"3\" data-loadattr= 'TDVOMk05a3VDRVFyUFc2L0pHQ3Bmby9ZMGFzb0ppVjRGbk1yRmdkcWhuL2ZtQ2VJVXRveUMyMkFBcUZKOS84d1NDbkxQVVVRWnNtbUhTZmxKaHlHNitocVFHY1dUd1dacU5hWUJvcTEvSlIrUE1wbG53SGtUZzFyeHNKbGhGbG45Ry9rcnpBUC9hRVJQYnBhcm1VeG5xUzlyWDgyLzh1M1l5cngvK2U4RWZqb05kVTVBY09UT0g2QVFaWklHYUJYQzVkVU0vcUdVazlBV3Y2Tm5GVWtkRG42amdXdFBRMnpVcmw2T28xU2h5NFVCY2lPNkNGa24xR21lNEVxZkhEVGFrd3JTbzNqcFplTXgxS1pDbitmUmhmTURleHozeTNKY29aMUlqM2F5QWhGT0dsRlpTQ1FzWGF6SW92djc3dTRLVUg3RnN6NGF5aStlaFdud3pSOXE0c1h5cFFXTDh5QzgxWGdQZ2s5dWo5Q3I0N1BZOFNPZE9VOEVycWovbU4zYXRUWHJpbGg5QUVKTFJxT21Ubi9zdisxV0xCallLMVRpL1JQbEtudTdYdkViV0JSQlBVRS8wSlJPRXhYOUJkOE5HeWR6ekNBYmtHN05jWTFXSElKZW1GMVJhYzhiZFZsZ2pLK0hPVWtQbUVGWDZIc0thd3lNOEd5UzRKZW10d2dIRDZ6YnZldVJtMU9LV1RNVWJ0M2dNaHk4dkNWY3FObWN4RHd3a2l4ZnRFbHJvZXJaUkpJQU5lNGZyRE5vUTFMdzlkc3lEZXZKZ2hBU25icmFheUdTSS9yMEx4UE5vaDR6V05zZnlCdmowNFM1WklkL3FtemxTaFFtMkZaeW81NlpHMWVYdmJKMTlYbmFiclFtWUpxcEJqOXpvWnkxeUJ3NDhSWjkvK3RHbFJCbElNTWsxNEdlbWp3OXIwZUJPaklZc0h6WjlEbTJqeFUvUnlPclZraGN5WVJHa2xISXh5K1ZjNThEandFS29MWVFEWGx4U1VVTmdsekl6QVBPdHY3Wk0rZjkvekdpcXhNQnFvVERZczBWNHNObnV1bDRuVXJHVmIyTXFkRVZja0NLSDltWFl3YW12UUl2T2xKTytFRS91dXA0U2pzcXZrbzloTjA2RjNIMjZEb1NhNjlXUXFKaE52dmZhaUR5K2RoaExuQWlCN0tSdm5Qd2hhM2k4OUFHeUh0MEErVzZCdDRmTmlSelVZWFFiRnJxb0ttRFRtK1hVazVhUWRPS2gzZFBISEtFdFIwdU1SYVJEWlducU9ZazZDRUxrd2FKNlhEbXdhamtSVXhsdXloZVo0UFJSUTdla25zRE80ZWN2RnFMUG9vYkFiZ2xMVTdkbVRCa0FVcXhHa2daMytjL2FIRE9nam1Wbk41R28zT0g3bzBlTW1SUnFxUTN6U1I1UC85TUZmdmZOTm5mdDN6MERKL1NkK2hJRVBLZDJxR3dyaTV0anV3Y3JydGYzNHo4YlZtOE9menZkOE42RkRHWEJMQ0ZmcFJDZ2ptYTIvalpBWVozTzZWamlybmRiYjVGVmRYNit6a0tJRlRqUElxUHBYdkorQ2E2TngxVnc4TFNjbG4vWisrenAwV0ZzRU5JTTNRUFFGMVE3V01PQUxRc0NJWlJmK1ZHZHk4cnVMMVIvZ1g4S3FYN28wQW9XWWVKWVpSQVlaWDhQY1JUREJtMW00SFdHWnNPM2JwZnEvd3JiYXkxTm42TUdycXlyenhQQnduVEdxci9GYTBVcGNXVU1YK0dVSnlHem00TVZLTTd4TTc2eUxFOERnSzdMU0NXRVZGZFcwSXQ1dHRtMUQ1akpWVjhyd2MxNkhyQStwdUhoeU9OVURYMSs4QWZvQmRCQjdMRW5mc3Q3RTdVNnFpREVyYnhPUnEvSVdDTk8wM3Nhc0YzajdwcDhUNVp1MnBBQ2hTdmVaTkdvWWQ5bkdNOVlCTU1RZ0t5N213M3lTN0w2VVRvL3YzZjF6ZjJNWExlOVFKRk9aYXBhVDh2S2huNU9PaWlRYm5iTXlGcHU5UW1yZGZ5OVJOR3RxQmY3eXNWei9RY21lb1hUQXRWejNlTVovWXV3dzRTQ25kQ0d3VXlEN0hHZXgyT2xPRXRabnBGUlJsOXdVbXY1eEx2UUtiMmdJZkdjQmpqcnU3RkE9PQ=='><div class=\"tp-spin-ring\"><div><\/div><div><\/div><div><\/div><div><\/div><\/div><\/a><\/div><\/div>\t\t\t\t<\/div>\n\t\t\t\t\t<\/div>\n\t\t\t\t<\/div>\n\t\t\t\t<\/div>","protected":false},"excerpt":{"rendered":"<p>Scopri Itinerario di 3 ore: Passeggiata storica nel Borgo Antico Scopri Itinerario di primavera: fiori e fauna in Valle di Comino Scopri Foliage di Forca d\u2019Acero: Un\u2019esperienza immersiva tra i colori dell\u2019autunno Scopri Giornata al Parco Nazionale d\u2019Abruzzo Lazio e Molise Storie De Sancto Donato \u2013 Il primo documento della nostra storia Storie La Storia [&hellip;]<\/p>\n","protected":false},"author":1,"featured_media":0,"parent":0,"menu_order":0,"comment_status":"closed","ping_status":"closed","template":"","meta":{"footnotes":""},"class_list":["post-3435","page","type-page","status-publish","hentry"],"yoast_head":"<!-- This site is optimized with the Yoast SEO Premium plugin v27.4 (Yoast SEO v27.4) - https:\/\/yoast.com\/product\/yoast-seo-premium-wordpress\/ -->\n<title>News: Scopri Storie Interessanti | Visit San Donato Val di Comino<\/title>\n<meta name=\"description\" content=\"Esplora le ultime news e curiosit\u00e0 per stare al passo con gli eventi del momento.\" \/>\n<meta name=\"robots\" content=\"index, follow, max-snippet:-1, max-image-preview:large, max-video-preview:-1\" \/>\n<link rel=\"canonical\" href=\"https:\/\/visitsandonatovaldicomino.it\/pt\/noticias\/\" \/>\n<meta property=\"og:locale\" content=\"pt_PT\" \/>\n<meta property=\"og:type\" content=\"article\" \/>\n<meta property=\"og:title\" content=\"News | Visit San Donato Val di Comino\" \/>\n<meta property=\"og:description\" content=\"Scopri Itinerario di 3 ore: Passeggiata storica nel Borgo Antico Scopri Itinerario di primavera: fiori e fauna in Valle di Comino Scopri Foliage di Forca\" \/>\n<meta property=\"og:url\" content=\"https:\/\/visitsandonatovaldicomino.it\/pt\/noticias\/\" \/>\n<meta property=\"og:site_name\" content=\"Visit San Donato Val di Comino\" \/>\n<meta property=\"article:publisher\" content=\"https:\/\/www.facebook.com\/VisitSanDonatoValdiComino\" \/>\n<meta property=\"article:modified_time\" content=\"2025-06-10T12:42:24+00:00\" \/>\n<meta name=\"twitter:card\" content=\"summary_large_image\" \/>\n<!-- \/ Yoast SEO Premium plugin. -->","yoast_head_json":{"title":"Not\u00edcias: Descobrir hist\u00f3rias interessantes | Visitar San Donato Val di Comino","description":"Explore as \u00faltimas not\u00edcias e curiosidades para se manter a par dos acontecimentos actuais.","robots":{"index":"index","follow":"follow","max-snippet":"max-snippet:-1","max-image-preview":"max-image-preview:large","max-video-preview":"max-video-preview:-1"},"canonical":"https:\/\/visitsandonatovaldicomino.it\/pt\/noticias\/","og_locale":"pt_PT","og_type":"article","og_title":"News | Visit San Donato Val di Comino","og_description":"Scopri Itinerario di 3 ore: Passeggiata storica nel Borgo Antico Scopri Itinerario di primavera: fiori e fauna in Valle di Comino Scopri Foliage di Forca","og_url":"https:\/\/visitsandonatovaldicomino.it\/pt\/noticias\/","og_site_name":"Visit San Donato Val di Comino","article_publisher":"https:\/\/www.facebook.com\/VisitSanDonatoValdiComino","article_modified_time":"2025-06-10T12:42:24+00:00","twitter_card":"summary_large_image","schema":{"@context":"https:\/\/schema.org","@graph":[{"@type":"WebPage","@id":"https:\/\/visitsandonatovaldicomino.it\/news\/","url":"https:\/\/visitsandonatovaldicomino.it\/news\/","name":"Not\u00edcias: Descobrir hist\u00f3rias interessantes | Visitar San Donato Val di Comino","isPartOf":{"@id":"https:\/\/visitsandonatovaldicomino.it\/#website"},"datePublished":"2024-05-17T22:04:06+00:00","dateModified":"2025-06-10T12:42:24+00:00","description":"Explore as \u00faltimas not\u00edcias e curiosidades para se manter a par dos acontecimentos actuais.","breadcrumb":{"@id":"https:\/\/visitsandonatovaldicomino.it\/news\/#breadcrumb"},"inLanguage":"pt-PT","potentialAction":[{"@type":"ReadAction","target":["https:\/\/visitsandonatovaldicomino.it\/news\/"]}]},{"@type":"BreadcrumbList","@id":"https:\/\/visitsandonatovaldicomino.it\/news\/#breadcrumb","itemListElement":[{"@type":"ListItem","position":1,"name":"Home","item":"https:\/\/visitsandonatovaldicomino.it\/"},{"@type":"ListItem","position":2,"name":"News"}]},{"@type":"WebSite","@id":"https:\/\/visitsandonatovaldicomino.it\/#website","url":"https:\/\/visitsandonatovaldicomino.it\/","name":"Visit San Donato Val di Comino","description":"","publisher":{"@id":"https:\/\/visitsandonatovaldicomino.it\/#organization"},"alternateName":"Visit San Donato","potentialAction":[{"@type":"SearchAction","target":{"@type":"EntryPoint","urlTemplate":"https:\/\/visitsandonatovaldicomino.it\/?s={search_term_string}"},"query-input":{"@type":"PropertyValueSpecification","valueRequired":true,"valueName":"search_term_string"}}],"inLanguage":"pt-PT"},{"@type":"Organization","@id":"https:\/\/visitsandonatovaldicomino.it\/#organization","name":"Visit San Donato Val di Comino","alternateName":"Visit San Donato","url":"https:\/\/visitsandonatovaldicomino.it\/","logo":{"@type":"ImageObject","inLanguage":"pt-PT","@id":"https:\/\/visitsandonatovaldicomino.it\/#\/schema\/logo\/image\/","url":"https:\/\/visitsandonatovaldicomino.it\/wp-content\/uploads\/2023\/10\/Visit-San-Donato-Val-di-Comino-Logo-White.png","contentUrl":"https:\/\/visitsandonatovaldicomino.it\/wp-content\/uploads\/2023\/10\/Visit-San-Donato-Val-di-Comino-Logo-White.png","width":1920,"height":1061,"caption":"Visit San Donato Val di Comino"},"image":{"@id":"https:\/\/visitsandonatovaldicomino.it\/#\/schema\/logo\/image\/"},"sameAs":["https:\/\/www.facebook.com\/VisitSanDonatoValdiComino","https:\/\/www.instagram.com\/visit_sandonatovaldicomino"],"email":"info@visitsandonatovaldicomino.it","legalName":"Visit San Donato Val di Comino","foundingDate":"2024-05-01","numberOfEmployees":{"@type":"QuantitativeValue","minValue":"1","maxValue":"10"}}]}},"pure_taxonomies":[],"_links":{"self":[{"href":"https:\/\/visitsandonatovaldicomino.it\/pt\/wp-json\/wp\/v2\/pages\/3435","targetHints":{"allow":["GET"]}}],"collection":[{"href":"https:\/\/visitsandonatovaldicomino.it\/pt\/wp-json\/wp\/v2\/pages"}],"about":[{"href":"https:\/\/visitsandonatovaldicomino.it\/pt\/wp-json\/wp\/v2\/types\/page"}],"author":[{"embeddable":true,"href":"https:\/\/visitsandonatovaldicomino.it\/pt\/wp-json\/wp\/v2\/users\/1"}],"replies":[{"embeddable":true,"href":"https:\/\/visitsandonatovaldicomino.it\/pt\/wp-json\/wp\/v2\/comments?post=3435"}],"version-history":[{"count":29,"href":"https:\/\/visitsandonatovaldicomino.it\/pt\/wp-json\/wp\/v2\/pages\/3435\/revisions"}],"predecessor-version":[{"id":18778,"href":"https:\/\/visitsandonatovaldicomino.it\/pt\/wp-json\/wp\/v2\/pages\/3435\/revisions\/18778"}],"wp:attachment":[{"href":"https:\/\/visitsandonatovaldicomino.it\/pt\/wp-json\/wp\/v2\/media?parent=3435"}],"curies":[{"name":"wp","href":"https:\/\/api.w.org\/{rel}","templated":true}]}}